{"id":25026,"date":"2025-06-04T10:55:05","date_gmt":"2025-06-04T08:55:05","guid":{"rendered":"https:\/\/www.semmelweisshop.hu\/?page_id=25026"},"modified":"2025-06-19T10:02:18","modified_gmt":"2025-06-19T08:02:18","slug":"rings","status":"publish","type":"page","link":"https:\/\/www.semmelweisshop.hu\/en\/rings\/","title":{"rendered":"Rings"},"content":{"rendered":"\t\t<div data-elementor-type=\"wp-page\" data-elementor-id=\"25026\" class=\"elementor elementor-25026 elementor-24992\">\n\t\t\t\t\t\t<section class=\"elementor-section elementor-top-section elementor-element elementor-element-6017452 elementor-section-boxed elementor-section-height-default elementor-section-height-default\" data-id=\"6017452\" data-element_type=\"section\" data-e-type=\"section\">\n\t\t\t\t\t\t<div class=\"elementor-container elementor-column-gap-default\">\n\t\t\t\t\t<div class=\"elementor-column elementor-col-100 elementor-top-column elementor-element elementor-element-ea7f3f5\" data-id=\"ea7f3f5\" data-element_type=\"column\" data-e-type=\"column\">\n\t\t\t<div class=\"elementor-widget-wrap elementor-element-populated\">\n\t\t\t\t\t\t<div class=\"elementor-element elementor-element-e65647d elementor-widget elementor-widget-image\" data-id=\"e65647d\" data-element_type=\"widget\" data-e-type=\"widget\" data-widget_type=\"image.default\">\n\t\t\t\t<div class=\"elementor-widget-container\">\n\t\t\t\t\t\t\t\t\t\t\t\t\t\t\t<img loading=\"lazy\" loading=\"lazy\" decoding=\"async\" width=\"2240\" height=\"600\" src=\"https:\/\/www.semmelweisshop.hu\/wp-content\/uploads\/2025\/06\/Semmelweisshop-gyuru-banner.jpg\" class=\"attachment-full size-full wp-image-25083\" alt=\"Semmelweisshop-gyuru-banner\" srcset=\"https:\/\/www.semmelweisshop.hu\/wp-content\/uploads\/2025\/06\/Semmelweisshop-gyuru-banner.jpg 2240w, https:\/\/www.semmelweisshop.hu\/wp-content\/uploads\/2025\/06\/Semmelweisshop-gyuru-banner-300x80.jpg 300w, https:\/\/www.semmelweisshop.hu\/wp-content\/uploads\/2025\/06\/Semmelweisshop-gyuru-banner-1024x274.jpg 1024w, https:\/\/www.semmelweisshop.hu\/wp-content\/uploads\/2025\/06\/Semmelweisshop-gyuru-banner-768x206.jpg 768w, https:\/\/www.semmelweisshop.hu\/wp-content\/uploads\/2025\/06\/Semmelweisshop-gyuru-banner-1536x411.jpg 1536w, https:\/\/www.semmelweisshop.hu\/wp-content\/uploads\/2025\/06\/Semmelweisshop-gyuru-banner-2048x549.jpg 2048w, https:\/\/www.semmelweisshop.hu\/wp-content\/uploads\/2025\/06\/Semmelweisshop-gyuru-banner-600x161.jpg 600w, https:\/\/www.semmelweisshop.hu\/wp-content\/uploads\/2025\/06\/Semmelweisshop-gyuru-banner-1x1.jpg 1w, https:\/\/www.semmelweisshop.hu\/wp-content\/uploads\/2025\/06\/Semmelweisshop-gyuru-banner-10x3.jpg 10w\" sizes=\"auto, (max-width: 2240px) 100vw, 2240px\" \/>\t\t\t\t\t\t\t\t\t\t\t\t\t\t\t<\/div>\n\t\t\t\t<\/div>\n\t\t\t\t\t<\/div>\n\t\t<\/div>\n\t\t\t\t\t<\/div>\n\t\t<\/section>\n\t\t\t\t<section class=\"elementor-section elementor-top-section elementor-element elementor-element-70352ab elementor-section-boxed elementor-section-height-default elementor-section-height-default\" data-id=\"70352ab\" data-element_type=\"section\" data-e-type=\"section\">\n\t\t\t\t\t\t<div class=\"elementor-container elementor-column-gap-default\">\n\t\t\t\t\t<div class=\"elementor-column elementor-col-100 elementor-top-column elementor-element elementor-element-311f88b\" data-id=\"311f88b\" data-element_type=\"column\" data-e-type=\"column\">\n\t\t\t<div class=\"elementor-widget-wrap elementor-element-populated\">\n\t\t\t\t\t\t<div class=\"elementor-element elementor-element-2fd1f17 elementor-widget elementor-widget-heading\" data-id=\"2fd1f17\" data-element_type=\"widget\" data-e-type=\"widget\" data-widget_type=\"heading.default\">\n\t\t\t\t<div class=\"elementor-widget-container\">\n\t\t\t\t\t<h1 class=\"elementor-heading-title elementor-size-default\">Semmelweis Graduation Ring \u2013 A symbol that connects<\/h1>\t\t\t\t<\/div>\n\t\t\t\t<\/div>\n\t\t\t\t<div class=\"elementor-element elementor-element-5939570 elementor-widget elementor-widget-text-editor\" data-id=\"5939570\" data-element_type=\"widget\" data-e-type=\"widget\" data-widget_type=\"text-editor.default\">\n\t\t\t\t<div class=\"elementor-widget-container\">\n\t\t\t\t\t\t\t\t\t<p>The official, custom-designed graduation rings of Semmelweis University are now available!<\/p>\t\t\t\t\t\t\t\t<\/div>\n\t\t\t\t<\/div>\n\t\t\t\t\t<\/div>\n\t\t<\/div>\n\t\t\t\t\t<\/div>\n\t\t<\/section>\n\t\t\t\t<section class=\"elementor-section elementor-top-section elementor-element elementor-element-f06086b elementor-section-boxed elementor-section-height-default elementor-section-height-default\" data-id=\"f06086b\" data-element_type=\"section\" data-e-type=\"section\">\n\t\t\t\t\t\t<div class=\"elementor-container elementor-column-gap-default\">\n\t\t\t\t\t<div class=\"elementor-column elementor-col-50 elementor-top-column elementor-element elementor-element-607a452\" data-id=\"607a452\" data-element_type=\"column\" data-e-type=\"column\">\n\t\t\t<div class=\"elementor-widget-wrap elementor-element-populated\">\n\t\t\t\t\t\t<div class=\"elementor-element elementor-element-746acd4 elementor-widget elementor-widget-image\" data-id=\"746acd4\" data-element_type=\"widget\" data-e-type=\"widget\" data-widget_type=\"image.default\">\n\t\t\t\t<div class=\"elementor-widget-container\">\n\t\t\t\t\t\t\t\t\t\t\t\t\t\t\t\t<a href=\"https:\/\/www.semmelweisshop.hu\/en\/rings\/mens-rings\/\">\n\t\t\t\t\t\t\t<img loading=\"lazy\" loading=\"lazy\" decoding=\"async\" width=\"1100\" height=\"1100\" src=\"https:\/\/www.semmelweisshop.hu\/wp-content\/uploads\/2025\/06\/Semmelweisshop-gyuru-ferfi-arany-gyuru.jpg\" class=\"elementor-animation-shrink attachment-full size-full wp-image-25097\" alt=\"Semmelweisshop-gyuru-ferfi-arany-gyuru\" srcset=\"https:\/\/www.semmelweisshop.hu\/wp-content\/uploads\/2025\/06\/Semmelweisshop-gyuru-ferfi-arany-gyuru.jpg 1100w, https:\/\/www.semmelweisshop.hu\/wp-content\/uploads\/2025\/06\/Semmelweisshop-gyuru-ferfi-arany-gyuru-300x300.jpg 300w, https:\/\/www.semmelweisshop.hu\/wp-content\/uploads\/2025\/06\/Semmelweisshop-gyuru-ferfi-arany-gyuru-1024x1024.jpg 1024w, https:\/\/www.semmelweisshop.hu\/wp-content\/uploads\/2025\/06\/Semmelweisshop-gyuru-ferfi-arany-gyuru-150x150.jpg 150w, https:\/\/www.semmelweisshop.hu\/wp-content\/uploads\/2025\/06\/Semmelweisshop-gyuru-ferfi-arany-gyuru-768x768.jpg 768w, https:\/\/www.semmelweisshop.hu\/wp-content\/uploads\/2025\/06\/Semmelweisshop-gyuru-ferfi-arany-gyuru-600x600.jpg 600w, https:\/\/www.semmelweisshop.hu\/wp-content\/uploads\/2025\/06\/Semmelweisshop-gyuru-ferfi-arany-gyuru-100x100.jpg 100w, https:\/\/www.semmelweisshop.hu\/wp-content\/uploads\/2025\/06\/Semmelweisshop-gyuru-ferfi-arany-gyuru-1x1.jpg 1w, https:\/\/www.semmelweisshop.hu\/wp-content\/uploads\/2025\/06\/Semmelweisshop-gyuru-ferfi-arany-gyuru-10x10.jpg 10w\" sizes=\"auto, (max-width: 1100px) 100vw, 1100px\" \/>\t\t\t\t\t\t\t\t<\/a>\n\t\t\t\t\t\t\t\t\t\t\t\t\t\t\t<\/div>\n\t\t\t\t<\/div>\n\t\t\t\t<div class=\"elementor-element elementor-element-554f2d8 elementor-widget elementor-widget-heading\" data-id=\"554f2d8\" data-element_type=\"widget\" data-e-type=\"widget\" data-widget_type=\"heading.default\">\n\t\t\t\t<div class=\"elementor-widget-container\">\n\t\t\t\t\t<h2 class=\"elementor-heading-title elementor-size-default\"><a href=\"https:\/\/www.semmelweisshop.hu\/en\/rings\/mens-rings\/\">Men's rings<\/a><\/h2>\t\t\t\t<\/div>\n\t\t\t\t<\/div>\n\t\t\t\t\t<\/div>\n\t\t<\/div>\n\t\t\t\t<div class=\"elementor-column elementor-col-50 elementor-top-column elementor-element elementor-element-8469c06\" data-id=\"8469c06\" data-element_type=\"column\" data-e-type=\"column\">\n\t\t\t<div class=\"elementor-widget-wrap elementor-element-populated\">\n\t\t\t\t\t\t<div class=\"elementor-element elementor-element-221fd4b elementor-widget elementor-widget-image\" data-id=\"221fd4b\" data-element_type=\"widget\" data-e-type=\"widget\" data-widget_type=\"image.default\">\n\t\t\t\t<div class=\"elementor-widget-container\">\n\t\t\t\t\t\t\t\t\t\t\t\t\t\t\t\t<a href=\"https:\/\/www.semmelweisshop.hu\/en\/rings\/womens-rings\/\">\n\t\t\t\t\t\t\t<img loading=\"lazy\" loading=\"lazy\" decoding=\"async\" width=\"1100\" height=\"1100\" src=\"https:\/\/www.semmelweisshop.hu\/wp-content\/uploads\/2025\/06\/Semmelweisshop-gyuru-noi-arany-gyuru.jpg\" class=\"elementor-animation-shrink attachment-full size-full wp-image-25109\" alt=\"Semmelweisshop-gyuru-noi-arany-gyuru\" srcset=\"https:\/\/www.semmelweisshop.hu\/wp-content\/uploads\/2025\/06\/Semmelweisshop-gyuru-noi-arany-gyuru.jpg 1100w, https:\/\/www.semmelweisshop.hu\/wp-content\/uploads\/2025\/06\/Semmelweisshop-gyuru-noi-arany-gyuru-300x300.jpg 300w, https:\/\/www.semmelweisshop.hu\/wp-content\/uploads\/2025\/06\/Semmelweisshop-gyuru-noi-arany-gyuru-1024x1024.jpg 1024w, https:\/\/www.semmelweisshop.hu\/wp-content\/uploads\/2025\/06\/Semmelweisshop-gyuru-noi-arany-gyuru-150x150.jpg 150w, https:\/\/www.semmelweisshop.hu\/wp-content\/uploads\/2025\/06\/Semmelweisshop-gyuru-noi-arany-gyuru-768x768.jpg 768w, https:\/\/www.semmelweisshop.hu\/wp-content\/uploads\/2025\/06\/Semmelweisshop-gyuru-noi-arany-gyuru-600x600.jpg 600w, https:\/\/www.semmelweisshop.hu\/wp-content\/uploads\/2025\/06\/Semmelweisshop-gyuru-noi-arany-gyuru-100x100.jpg 100w, https:\/\/www.semmelweisshop.hu\/wp-content\/uploads\/2025\/06\/Semmelweisshop-gyuru-noi-arany-gyuru-1x1.jpg 1w, https:\/\/www.semmelweisshop.hu\/wp-content\/uploads\/2025\/06\/Semmelweisshop-gyuru-noi-arany-gyuru-10x10.jpg 10w\" sizes=\"auto, (max-width: 1100px) 100vw, 1100px\" \/>\t\t\t\t\t\t\t\t<\/a>\n\t\t\t\t\t\t\t\t\t\t\t\t\t\t\t<\/div>\n\t\t\t\t<\/div>\n\t\t\t\t<div class=\"elementor-element elementor-element-d5f046e elementor-widget elementor-widget-heading\" data-id=\"d5f046e\" data-element_type=\"widget\" data-e-type=\"widget\" data-widget_type=\"heading.default\">\n\t\t\t\t<div class=\"elementor-widget-container\">\n\t\t\t\t\t<h2 class=\"elementor-heading-title elementor-size-default\"><a href=\"https:\/\/www.semmelweisshop.hu\/en\/rings\/womens-rings\/\">Women's rings<\/a><\/h2>\t\t\t\t<\/div>\n\t\t\t\t<\/div>\n\t\t\t\t\t<\/div>\n\t\t<\/div>\n\t\t\t\t\t<\/div>\n\t\t<\/section>\n\t\t\t\t<\/div>\n\t\t","protected":false},"excerpt":{"rendered":"<p>Semmelweis Graduation Ring \u2013 A symbol that connects The official, custom-designed graduation rings of Semmelweis University are now available! Men&#8217;s rings Women&#8217;s rings<\/p>\n","protected":false},"author":2716,"featured_media":0,"parent":0,"menu_order":0,"comment_status":"closed","ping_status":"closed","template":"","meta":{"footnotes":""},"class_list":["post-25026","page","type-page","status-publish","hentry"],"yoast_head":"<!-- This site is optimized with the Yoast SEO plugin v27.4 - https:\/\/yoast.com\/product\/yoast-seo-wordpress\/ -->\n<title>Rings - Semmelweis Shop<\/title>\n<meta name=\"robots\" content=\"index, follow, max-snippet:-1, max-image-preview:large, max-video-preview:-1\" \/>\n<link rel=\"canonical\" href=\"https:\/\/www.semmelweisshop.hu\/en\/rings\/\" \/>\n<meta property=\"og:locale\" content=\"en_US\" \/>\n<meta property=\"og:type\" content=\"article\" \/>\n<meta property=\"og:title\" content=\"Rings - Semmelweis Shop\" \/>\n<meta property=\"og:description\" content=\"Semmelweis Graduation Ring \u2013 A symbol that connects The official, custom-designed graduation rings of Semmelweis University are now available! Men&#8217;s rings Women&#8217;s rings\" \/>\n<meta property=\"og:url\" content=\"https:\/\/www.semmelweisshop.hu\/en\/rings\/\" \/>\n<meta property=\"og:site_name\" content=\"Semmelweis Shop\" \/>\n<meta property=\"article:publisher\" content=\"https:\/\/www.facebook.com\/semmelweisegyetem\" \/>\n<meta property=\"article:modified_time\" content=\"2025-06-19T08:02:18+00:00\" \/>\n<meta property=\"og:image\" content=\"https:\/\/www.semmelweisshop.hu\/wp-content\/uploads\/2025\/06\/Semmelweisshop-gyuru-banner.jpg\" \/>\n\t<meta property=\"og:image:width\" content=\"2240\" \/>\n\t<meta property=\"og:image:height\" content=\"600\" \/>\n\t<meta property=\"og:image:type\" content=\"image\/jpeg\" \/>\n<meta name=\"twitter:card\" content=\"summary_large_image\" \/>\n<meta name=\"twitter:label1\" content=\"Est. reading time\" \/>\n\t<meta name=\"twitter:data1\" content=\"1 minute\" \/>\n<script type=\"application\/ld+json\" class=\"yoast-schema-graph\">{\"@context\":\"https:\\\/\\\/schema.org\",\"@graph\":[{\"@type\":\"WebPage\",\"@id\":\"https:\\\/\\\/www.semmelweisshop.hu\\\/en\\\/rings\\\/\",\"url\":\"https:\\\/\\\/www.semmelweisshop.hu\\\/en\\\/rings\\\/\",\"name\":\"Rings - Semmelweis Shop\",\"isPartOf\":{\"@id\":\"http:\\\/\\\/shopwebserver.polandcentral.cloudapp.azure.com\\\/#website\"},\"primaryImageOfPage\":{\"@id\":\"https:\\\/\\\/www.semmelweisshop.hu\\\/en\\\/rings\\\/#primaryimage\"},\"image\":{\"@id\":\"https:\\\/\\\/www.semmelweisshop.hu\\\/en\\\/rings\\\/#primaryimage\"},\"thumbnailUrl\":\"https:\\\/\\\/www.semmelweisshop.hu\\\/wp-content\\\/uploads\\\/2025\\\/06\\\/Semmelweisshop-gyuru-banner.jpg\",\"datePublished\":\"2025-06-04T08:55:05+00:00\",\"dateModified\":\"2025-06-19T08:02:18+00:00\",\"breadcrumb\":{\"@id\":\"https:\\\/\\\/www.semmelweisshop.hu\\\/en\\\/rings\\\/#breadcrumb\"},\"inLanguage\":\"en-US\",\"potentialAction\":[{\"@type\":\"ReadAction\",\"target\":[\"https:\\\/\\\/www.semmelweisshop.hu\\\/en\\\/rings\\\/\"]}]},{\"@type\":\"ImageObject\",\"inLanguage\":\"en-US\",\"@id\":\"https:\\\/\\\/www.semmelweisshop.hu\\\/en\\\/rings\\\/#primaryimage\",\"url\":\"https:\\\/\\\/www.semmelweisshop.hu\\\/wp-content\\\/uploads\\\/2025\\\/06\\\/Semmelweisshop-gyuru-banner.jpg\",\"contentUrl\":\"https:\\\/\\\/www.semmelweisshop.hu\\\/wp-content\\\/uploads\\\/2025\\\/06\\\/Semmelweisshop-gyuru-banner.jpg\"},{\"@type\":\"BreadcrumbList\",\"@id\":\"https:\\\/\\\/www.semmelweisshop.hu\\\/en\\\/rings\\\/#breadcrumb\",\"itemListElement\":[{\"@type\":\"ListItem\",\"position\":1,\"name\":\"Kezd\u0151lap\",\"item\":\"https:\\\/\\\/www.semmelweisshop.hu\\\/\"},{\"@type\":\"ListItem\",\"position\":2,\"name\":\"Rings\"}]},{\"@type\":\"WebSite\",\"@id\":\"http:\\\/\\\/shopwebserver.polandcentral.cloudapp.azure.com\\\/#website\",\"url\":\"http:\\\/\\\/shopwebserver.polandcentral.cloudapp.azure.com\\\/\",\"name\":\"Semmelweis Shop\",\"description\":\"\u00dcdv\u00f6zl\u00fcnk a Semmelweis Shop oldal\u00e1n! Tal\u00e1ld meg a hozz\u00e1d ill\u0151 darabokat \u00e9s mutasd meg hova tartozol!\",\"publisher\":{\"@id\":\"http:\\\/\\\/shopwebserver.polandcentral.cloudapp.azure.com\\\/#organization\"},\"potentialAction\":[{\"@type\":\"SearchAction\",\"target\":{\"@type\":\"EntryPoint\",\"urlTemplate\":\"http:\\\/\\\/shopwebserver.polandcentral.cloudapp.azure.com\\\/?s={search_term_string}\"},\"query-input\":{\"@type\":\"PropertyValueSpecification\",\"valueRequired\":true,\"valueName\":\"search_term_string\"}}],\"inLanguage\":\"en-US\"},{\"@type\":\"Organization\",\"@id\":\"http:\\\/\\\/shopwebserver.polandcentral.cloudapp.azure.com\\\/#organization\",\"name\":\"Semmelweis Egyetem\",\"url\":\"http:\\\/\\\/shopwebserver.polandcentral.cloudapp.azure.com\\\/\",\"logo\":{\"@type\":\"ImageObject\",\"inLanguage\":\"en-US\",\"@id\":\"http:\\\/\\\/shopwebserver.polandcentral.cloudapp.azure.com\\\/#\\\/schema\\\/logo\\\/image\\\/\",\"url\":\"http:\\\/\\\/shopwebserver.polandcentral.cloudapp.azure.com\\\/wp-content\\\/uploads\\\/2020\\\/11\\\/se_logo.png\",\"contentUrl\":\"http:\\\/\\\/shopwebserver.polandcentral.cloudapp.azure.com\\\/wp-content\\\/uploads\\\/2020\\\/11\\\/se_logo.png\",\"width\":1000,\"height\":1000,\"caption\":\"Semmelweis Egyetem\"},\"image\":{\"@id\":\"http:\\\/\\\/shopwebserver.polandcentral.cloudapp.azure.com\\\/#\\\/schema\\\/logo\\\/image\\\/\"},\"sameAs\":[\"https:\\\/\\\/www.facebook.com\\\/semmelweisegyetem\"]}]}<\/script>\n<!-- \/ Yoast SEO plugin. -->","yoast_head_json":{"title":"Rings - Semmelweis Shop","robots":{"index":"index","follow":"follow","max-snippet":"max-snippet:-1","max-image-preview":"max-image-preview:large","max-video-preview":"max-video-preview:-1"},"canonical":"https:\/\/www.semmelweisshop.hu\/en\/rings\/","og_locale":"en_US","og_type":"article","og_title":"Rings - Semmelweis Shop","og_description":"Semmelweis Graduation Ring \u2013 A symbol that connects The official, custom-designed graduation rings of Semmelweis University are now available! Men&#8217;s rings Women&#8217;s rings","og_url":"https:\/\/www.semmelweisshop.hu\/en\/rings\/","og_site_name":"Semmelweis Shop","article_publisher":"https:\/\/www.facebook.com\/semmelweisegyetem","article_modified_time":"2025-06-19T08:02:18+00:00","og_image":[{"width":2240,"height":600,"url":"https:\/\/www.semmelweisshop.hu\/wp-content\/uploads\/2025\/06\/Semmelweisshop-gyuru-banner.jpg","type":"image\/jpeg"}],"twitter_card":"summary_large_image","twitter_misc":{"Est. reading time":"1 minute"},"schema":{"@context":"https:\/\/schema.org","@graph":[{"@type":"WebPage","@id":"https:\/\/www.semmelweisshop.hu\/en\/rings\/","url":"https:\/\/www.semmelweisshop.hu\/en\/rings\/","name":"Rings - Semmelweis Shop","isPartOf":{"@id":"http:\/\/shopwebserver.polandcentral.cloudapp.azure.com\/#website"},"primaryImageOfPage":{"@id":"https:\/\/www.semmelweisshop.hu\/en\/rings\/#primaryimage"},"image":{"@id":"https:\/\/www.semmelweisshop.hu\/en\/rings\/#primaryimage"},"thumbnailUrl":"https:\/\/www.semmelweisshop.hu\/wp-content\/uploads\/2025\/06\/Semmelweisshop-gyuru-banner.jpg","datePublished":"2025-06-04T08:55:05+00:00","dateModified":"2025-06-19T08:02:18+00:00","breadcrumb":{"@id":"https:\/\/www.semmelweisshop.hu\/en\/rings\/#breadcrumb"},"inLanguage":"en-US","potentialAction":[{"@type":"ReadAction","target":["https:\/\/www.semmelweisshop.hu\/en\/rings\/"]}]},{"@type":"ImageObject","inLanguage":"en-US","@id":"https:\/\/www.semmelweisshop.hu\/en\/rings\/#primaryimage","url":"https:\/\/www.semmelweisshop.hu\/wp-content\/uploads\/2025\/06\/Semmelweisshop-gyuru-banner.jpg","contentUrl":"https:\/\/www.semmelweisshop.hu\/wp-content\/uploads\/2025\/06\/Semmelweisshop-gyuru-banner.jpg"},{"@type":"BreadcrumbList","@id":"https:\/\/www.semmelweisshop.hu\/en\/rings\/#breadcrumb","itemListElement":[{"@type":"ListItem","position":1,"name":"Kezd\u0151lap","item":"https:\/\/www.semmelweisshop.hu\/"},{"@type":"ListItem","position":2,"name":"Rings"}]},{"@type":"WebSite","@id":"http:\/\/shopwebserver.polandcentral.cloudapp.azure.com\/#website","url":"http:\/\/shopwebserver.polandcentral.cloudapp.azure.com\/","name":"Semmelweis Shop","description":"\u00dcdv\u00f6zl\u00fcnk a Semmelweis Shop oldal\u00e1n! Tal\u00e1ld meg a hozz\u00e1d ill\u0151 darabokat \u00e9s mutasd meg hova tartozol!","publisher":{"@id":"http:\/\/shopwebserver.polandcentral.cloudapp.azure.com\/#organization"},"potentialAction":[{"@type":"SearchAction","target":{"@type":"EntryPoint","urlTemplate":"http:\/\/shopwebserver.polandcentral.cloudapp.azure.com\/?s={search_term_string}"},"query-input":{"@type":"PropertyValueSpecification","valueRequired":true,"valueName":"search_term_string"}}],"inLanguage":"en-US"},{"@type":"Organization","@id":"http:\/\/shopwebserver.polandcentral.cloudapp.azure.com\/#organization","name":"Semmelweis Egyetem","url":"http:\/\/shopwebserver.polandcentral.cloudapp.azure.com\/","logo":{"@type":"ImageObject","inLanguage":"en-US","@id":"http:\/\/shopwebserver.polandcentral.cloudapp.azure.com\/#\/schema\/logo\/image\/","url":"http:\/\/shopwebserver.polandcentral.cloudapp.azure.com\/wp-content\/uploads\/2020\/11\/se_logo.png","contentUrl":"http:\/\/shopwebserver.polandcentral.cloudapp.azure.com\/wp-content\/uploads\/2020\/11\/se_logo.png","width":1000,"height":1000,"caption":"Semmelweis Egyetem"},"image":{"@id":"http:\/\/shopwebserver.polandcentral.cloudapp.azure.com\/#\/schema\/logo\/image\/"},"sameAs":["https:\/\/www.facebook.com\/semmelweisegyetem"]}]}},"_links":{"self":[{"href":"https:\/\/www.semmelweisshop.hu\/en\/wp-json\/wp\/v2\/pages\/25026","targetHints":{"allow":["GET"]}}],"collection":[{"href":"https:\/\/www.semmelweisshop.hu\/en\/wp-json\/wp\/v2\/pages"}],"about":[{"href":"https:\/\/www.semmelweisshop.hu\/en\/wp-json\/wp\/v2\/types\/page"}],"author":[{"embeddable":true,"href":"https:\/\/www.semmelweisshop.hu\/en\/wp-json\/wp\/v2\/users\/2716"}],"replies":[{"embeddable":true,"href":"https:\/\/www.semmelweisshop.hu\/en\/wp-json\/wp\/v2\/comments?post=25026"}],"version-history":[{"count":34,"href":"https:\/\/www.semmelweisshop.hu\/en\/wp-json\/wp\/v2\/pages\/25026\/revisions"}],"predecessor-version":[{"id":25685,"href":"https:\/\/www.semmelweisshop.hu\/en\/wp-json\/wp\/v2\/pages\/25026\/revisions\/25685"}],"wp:attachment":[{"href":"https:\/\/www.semmelweisshop.hu\/en\/wp-json\/wp\/v2\/media?parent=25026"}],"curies":[{"name":"wp","href":"https:\/\/api.w.org\/{rel}","templated":true}]}}