{"id":9178,"date":"2020-08-19T19:29:42","date_gmt":"2020-08-19T19:29:42","guid":{"rendered":"https:\/\/www.semmelweisshop.hu\/?page_id=9178"},"modified":"2025-08-27T08:31:32","modified_gmt":"2025-08-27T06:31:32","slug":"kapcsolat","status":"publish","type":"page","link":"https:\/\/www.semmelweisshop.hu\/en\/kapcsolat\/","title":{"rendered":"Contact us"},"content":{"rendered":"\t\t<div data-elementor-type=\"wp-page\" data-elementor-id=\"9178\" class=\"elementor elementor-9178 elementor-4834\">\n\t\t\t\t\t\t<section class=\"elementor-section elementor-top-section elementor-element elementor-element-d1729bc elementor-section-boxed elementor-section-height-default elementor-section-height-default\" data-id=\"d1729bc\" data-element_type=\"section\" data-e-type=\"section\">\n\t\t\t\t\t\t<div class=\"elementor-container elementor-column-gap-no\">\n\t\t\t\t\t<div class=\"elementor-column elementor-col-33 elementor-top-column elementor-element elementor-element-fe176fa elementor-hidden-phone\" data-id=\"fe176fa\" data-element_type=\"column\" data-e-type=\"column\">\n\t\t\t<div class=\"elementor-widget-wrap\">\n\t\t\t\t\t\t\t<\/div>\n\t\t<\/div>\n\t\t\t\t<div class=\"elementor-column elementor-col-33 elementor-top-column elementor-element elementor-element-db02a3e\" data-id=\"db02a3e\" data-element_type=\"column\" data-e-type=\"column\">\n\t\t\t<div class=\"elementor-widget-wrap elementor-element-populated\">\n\t\t\t\t\t\t<div class=\"elementor-element elementor-element-df66d67 elementor-widget elementor-widget-heading\" data-id=\"df66d67\" data-element_type=\"widget\" data-e-type=\"widget\" data-widget_type=\"heading.default\">\n\t\t\t\t<div class=\"elementor-widget-container\">\n\t\t\t\t\t<h2 class=\"elementor-heading-title elementor-size-default\"><h2 style=\"line-height: var(--h2-line-height);font-size: calc(var(--h2-size-proportion) * 1rem);font-family: Lato;white-space: normal;margin-bottom: 5px !important\">OUR CONTACTS<\/h2><\/h2>\t\t\t\t<\/div>\n\t\t\t\t<\/div>\n\t\t\t\t\t<\/div>\n\t\t<\/div>\n\t\t\t\t<div class=\"elementor-column elementor-col-33 elementor-top-column elementor-element elementor-element-3838543 elementor-hidden-phone\" data-id=\"3838543\" data-element_type=\"column\" data-e-type=\"column\">\n\t\t\t<div class=\"elementor-widget-wrap\">\n\t\t\t\t\t\t\t<\/div>\n\t\t<\/div>\n\t\t\t\t\t<\/div>\n\t\t<\/section>\n\t\t\t\t<section class=\"elementor-section elementor-top-section elementor-element elementor-element-09b12b1 elementor-section-boxed elementor-section-height-default elementor-section-height-default\" data-id=\"09b12b1\" data-element_type=\"section\" data-e-type=\"section\">\n\t\t\t\t\t\t<div class=\"elementor-container elementor-column-gap-default\">\n\t\t\t\t\t<div class=\"elementor-column elementor-col-25 elementor-top-column elementor-element elementor-element-b63b87c\" data-id=\"b63b87c\" data-element_type=\"column\" data-e-type=\"column\">\n\t\t\t<div class=\"elementor-widget-wrap elementor-element-populated\">\n\t\t\t\t\t\t<div class=\"elementor-element elementor-element-0613136 elementor-view-default elementor-position-block-start elementor-mobile-position-block-start elementor-widget elementor-widget-icon-box\" data-id=\"0613136\" data-element_type=\"widget\" data-e-type=\"widget\" data-widget_type=\"icon-box.default\">\n\t\t\t\t<div class=\"elementor-widget-container\">\n\t\t\t\t\t\t\t<div class=\"elementor-icon-box-wrapper\">\n\n\t\t\t\t\t\t<div class=\"elementor-icon-box-icon\">\n\t\t\t\t<span  class=\"elementor-icon\">\n\t\t\t\t<svg xmlns=\"http:\/\/www.w3.org\/2000\/svg\" xmlns:xlink=\"http:\/\/www.w3.org\/1999\/xlink\" height=\"32px\" id=\"Layer_1\" viewBox=\"0 0 32 32\" width=\"32px\" xml:space=\"preserve\"><g id=\"iphone\"><path d=\"M24,0L8,0C6.342,0,5,1.343,5,3v26c0,1.658,1.343,3,3,3h16c1.656,0,3-1.344,3-3V3C27,1.342,25.656,0,24,0z    M25,29c0,0.551-0.449,1-1,1H8c-0.552,0-1-0.447-1-1v-2.004h18V29z M25,25.996H7V6L25,6V25.996z M25,5L7,5V3c0-0.552,0.448-1,1-1   L24,2c0.551,0,1,0.448,1,1V5z\" fill=\"#333333\"><\/path><path d=\"M18,3.5C18,3.776,17.775,4,17.5,4h-3C14.223,4,14,3.776,14,3.5l0,0C14,3.223,14.223,3,14.5,3h3   C17.775,3,18,3.223,18,3.5L18,3.5z\" fill=\"#333333\"><\/path><path d=\"M17,28.496c0,0.275-0.225,0.5-0.5,0.5h-1c-0.276,0-0.5-0.225-0.5-0.5l0,0c0-0.277,0.224-0.5,0.5-0.5h1   C16.775,27.996,17,28.219,17,28.496L17,28.496z\" fill=\"#333333\"><\/path><\/g><\/svg>\t\t\t\t<\/span>\n\t\t\t<\/div>\n\t\t\t\n\t\t\t\t\t\t<div class=\"elementor-icon-box-content\">\n\n\t\t\t\t\t\t\t\t\t<h3 class=\"elementor-icon-box-title\">\n\t\t\t\t\t\t<span  >\n\t\t\t\t\t\t\tPHONE:\t\t\t\t\t\t<\/span>\n\t\t\t\t\t<\/h3>\n\t\t\t\t\n\t\t\t\t\t\t\t\t\t<p class=\"elementor-icon-box-description\">\n\t\t\t\t\t\t+36 30 2733 488\t\t\t\t\t<\/p>\n\t\t\t\t\n\t\t\t<\/div>\n\t\t\t\n\t\t<\/div>\n\t\t\t\t\t\t<\/div>\n\t\t\t\t<\/div>\n\t\t\t\t\t<\/div>\n\t\t<\/div>\n\t\t\t\t<div class=\"elementor-column elementor-col-25 elementor-top-column elementor-element elementor-element-75c2f79\" data-id=\"75c2f79\" data-element_type=\"column\" data-e-type=\"column\">\n\t\t\t<div class=\"elementor-widget-wrap elementor-element-populated\">\n\t\t\t\t\t\t<div class=\"elementor-element elementor-element-42684fd elementor-view-default elementor-position-block-start elementor-mobile-position-block-start elementor-widget elementor-widget-icon-box\" data-id=\"42684fd\" data-element_type=\"widget\" data-e-type=\"widget\" data-widget_type=\"icon-box.default\">\n\t\t\t\t<div class=\"elementor-widget-container\">\n\t\t\t\t\t\t\t<div class=\"elementor-icon-box-wrapper\">\n\n\t\t\t\t\t\t<div class=\"elementor-icon-box-icon\">\n\t\t\t\t<span  class=\"elementor-icon\">\n\t\t\t\t<svg xmlns=\"http:\/\/www.w3.org\/2000\/svg\" xmlns:xlink=\"http:\/\/www.w3.org\/1999\/xlink\" height=\"32px\" id=\"Layer_1\" viewBox=\"0 0 32 32\" width=\"32px\" xml:space=\"preserve\"><path d=\"M28,5H4C1.791,5,0,6.792,0,9v13c0,2.209,1.791,4,4,4h24c2.209,0,4-1.791,4-4V9  C32,6.792,30.209,5,28,5z M2,10.25l6.999,5.25L2,20.75V10.25z M30,22c0,1.104-0.898,2-2,2H4c-1.103,0-2-0.896-2-2l7.832-5.875  l4.368,3.277c0.533,0.398,1.166,0.6,1.8,0.6c0.633,0,1.266-0.201,1.799-0.6l4.369-3.277L30,22L30,22z M30,20.75l-7-5.25l7-5.25  V20.75z M17.199,18.602c-0.349,0.262-0.763,0.4-1.199,0.4c-0.436,0-0.851-0.139-1.2-0.4L10.665,15.5l-0.833-0.625L2,9.001V9  c0-1.103,0.897-2,2-2h24c1.102,0,2,0.897,2,2L17.199,18.602z\" fill=\"#333333\" id=\"mail\"><\/path><\/svg>\t\t\t\t<\/span>\n\t\t\t<\/div>\n\t\t\t\n\t\t\t\t\t\t<div class=\"elementor-icon-box-content\">\n\n\t\t\t\t\t\t\t\t\t<h3 class=\"elementor-icon-box-title\">\n\t\t\t\t\t\t<span  >\n\t\t\t\t\t\t\tEMAIL:\t\t\t\t\t\t<\/span>\n\t\t\t\t\t<\/h3>\n\t\t\t\t\n\t\t\t\t\t\t\t\t\t<p class=\"elementor-icon-box-description\">\n\t\t\t\t\t\tinfo@semmelweisshop.hu\t\t\t\t\t<\/p>\n\t\t\t\t\n\t\t\t<\/div>\n\t\t\t\n\t\t<\/div>\n\t\t\t\t\t\t<\/div>\n\t\t\t\t<\/div>\n\t\t\t\t\t<\/div>\n\t\t<\/div>\n\t\t\t\t<div class=\"elementor-column elementor-col-25 elementor-top-column elementor-element elementor-element-c439e60\" data-id=\"c439e60\" data-element_type=\"column\" data-e-type=\"column\">\n\t\t\t<div class=\"elementor-widget-wrap elementor-element-populated\">\n\t\t\t\t\t\t<div class=\"elementor-element elementor-element-6a92be2 elementor-view-default elementor-position-block-start elementor-mobile-position-block-start elementor-widget elementor-widget-icon-box\" data-id=\"6a92be2\" data-element_type=\"widget\" data-e-type=\"widget\" data-widget_type=\"icon-box.default\">\n\t\t\t\t<div class=\"elementor-widget-container\">\n\t\t\t\t\t\t\t<div class=\"elementor-icon-box-wrapper\">\n\n\t\t\t\t\t\t<div class=\"elementor-icon-box-icon\">\n\t\t\t\t<span  class=\"elementor-icon\">\n\t\t\t\t<svg xmlns=\"http:\/\/www.w3.org\/2000\/svg\" xmlns:xlink=\"http:\/\/www.w3.org\/1999\/xlink\" height=\"32px\" id=\"Layer_1\" viewBox=\"0 0 32 32\" width=\"32px\" xml:space=\"preserve\"><path d=\"M15.5,0C6.939,0,0,6.939,0,15.5S6.939,31,15.5,31S31,24.061,31,15.5S24.061,0,15.5,0z M28.975,15  h-5.996c-0.055-2.215-0.449-4.331-1.148-6.268c1.35-0.563,2.598-1.312,3.736-2.197C27.59,8.806,28.855,11.755,28.975,15z   M14.947,28.972c-1.662-1.384-3.056-3.181-4.076-5.268c1.309-0.409,2.696-0.633,4.129-0.679v5.949  C14.982,28.974,14.965,28.973,14.947,28.972z M16.051,2.028c1.886,1.57,3.425,3.673,4.466,6.126c-1.426,0.487-2.941,0.77-4.518,0.82  V2.025C16.018,2.026,16.034,2.027,16.051,2.028z M17.717,2.198c2.76,0.459,5.236,1.748,7.164,3.614  c-1.047,0.803-2.191,1.483-3.428,1.998C20.543,5.653,19.266,3.746,17.717,2.198z M15,2.025v6.949  c-1.577-0.051-3.093-0.333-4.518-0.82c1.041-2.453,2.58-4.556,4.466-6.126C14.966,2.027,14.982,2.026,15,2.025z M9.546,7.811  c-1.235-0.515-2.38-1.195-3.427-1.998c1.927-1.866,4.404-3.155,7.164-3.614C11.733,3.746,10.457,5.653,9.546,7.811z M10.105,9.076  C11.647,9.611,13.29,9.923,15,9.975V15H9.021C9.075,12.906,9.446,10.905,10.105,9.076z M15,16v6.025  c-1.577,0.048-3.102,0.306-4.539,0.769C9.595,20.732,9.084,18.435,9.021,16H15z M13.283,28.802  c-2.473-0.411-4.719-1.488-6.545-3.052c0.985-0.683,2.05-1.261,3.188-1.7C10.798,25.858,11.939,27.463,13.283,28.802z M16,28.975  v-5.949c1.432,0.046,2.82,0.27,4.129,0.679c-1.021,2.087-2.414,3.884-4.076,5.268C16.036,28.973,16.018,28.974,16,28.975z   M21.074,24.05c1.137,0.439,2.201,1.018,3.188,1.7c-1.826,1.563-4.072,2.641-6.545,3.052C19.061,27.463,20.201,25.858,21.074,24.05z   M20.539,22.794c-1.438-0.463-2.963-0.721-4.539-0.769V16h5.979C21.916,18.435,21.404,20.732,20.539,22.794z M16,15V9.975  c1.709-0.052,3.352-0.363,4.895-0.898c0.658,1.829,1.029,3.83,1.084,5.924H16z M5.434,6.535C6.572,7.42,7.82,8.169,9.169,8.732  C8.47,10.669,8.076,12.785,8.021,15H2.025C2.145,11.755,3.41,8.806,5.434,6.535z M2.025,16h5.996  c0.062,2.555,0.596,4.968,1.503,7.137c-1.267,0.494-2.448,1.152-3.538,1.931C3.638,22.731,2.156,19.536,2.025,16z M25.014,25.067  c-1.09-0.778-2.271-1.437-3.539-1.931c0.908-2.169,1.441-4.582,1.504-7.137h5.996C28.844,19.536,27.361,22.731,25.014,25.067z\" fill=\"#333332\" id=\"world\"><\/path><\/svg>\t\t\t\t<\/span>\n\t\t\t<\/div>\n\t\t\t\n\t\t\t\t\t\t<div class=\"elementor-icon-box-content\">\n\n\t\t\t\t\t\t\t\t\t<h3 class=\"elementor-icon-box-title\">\n\t\t\t\t\t\t<span  >\n\t\t\t\t\t\t\tADRESS:\t\t\t\t\t\t<\/span>\n\t\t\t\t\t<\/h3>\n\t\t\t\t\n\t\t\t\t\t\t\t\t\t<p class=\"elementor-icon-box-description\">\n\t\t\t\t\t\t1094 Bp., T\u0171zolt\u00f3 utca 37-47.\t\t\t\t\t<\/p>\n\t\t\t\t\n\t\t\t<\/div>\n\t\t\t\n\t\t<\/div>\n\t\t\t\t\t\t<\/div>\n\t\t\t\t<\/div>\n\t\t\t\t\t<\/div>\n\t\t<\/div>\n\t\t\t\t<div class=\"elementor-column elementor-col-25 elementor-top-column elementor-element elementor-element-a4d9a6b\" data-id=\"a4d9a6b\" data-element_type=\"column\" data-e-type=\"column\">\n\t\t\t<div class=\"elementor-widget-wrap elementor-element-populated\">\n\t\t\t\t\t\t<div class=\"elementor-element elementor-element-cfe9e3b elementor-view-default elementor-position-block-start elementor-mobile-position-block-start elementor-widget elementor-widget-icon-box\" data-id=\"cfe9e3b\" data-element_type=\"widget\" data-e-type=\"widget\" data-widget_type=\"icon-box.default\">\n\t\t\t\t<div class=\"elementor-widget-container\">\n\t\t\t\t\t\t\t<div class=\"elementor-icon-box-wrapper\">\n\n\t\t\t\t\t\t<div class=\"elementor-icon-box-icon\">\n\t\t\t\t<span  class=\"elementor-icon\">\n\t\t\t\t<i aria-hidden=\"true\" class=\"far fa-calendar-alt\"><\/i>\t\t\t\t<\/span>\n\t\t\t<\/div>\n\t\t\t\n\t\t\t\t\t\t<div class=\"elementor-icon-box-content\">\n\n\t\t\t\t\t\t\t\t\t<h3 class=\"elementor-icon-box-title\">\n\t\t\t\t\t\t<span  >\n\t\t\t\t\t\t\tOpening hours:\t\t\t\t\t\t<\/span>\n\t\t\t\t\t<\/h3>\n\t\t\t\t\n\t\t\t\t\t\t\t\t\t<p class=\"elementor-icon-box-description\">\n\t\t\t\t\t\tMonday: 09:00 - 14:00<br>\nTuesday: 09:00 - 14:00<br>\nWednesday: 09:00 - 14:00<br>\nThursday: 09:00 - 14:00<br>\nFriday: 09:00 - 12:00\t\t\t\t\t<\/p>\n\t\t\t\t\n\t\t\t<\/div>\n\t\t\t\n\t\t<\/div>\n\t\t\t\t\t\t<\/div>\n\t\t\t\t<\/div>\n\t\t\t\t\t<\/div>\n\t\t<\/div>\n\t\t\t\t\t<\/div>\n\t\t<\/section>\n\t\t\t\t<section class=\"elementor-section elementor-top-section elementor-element elementor-element-286226f elementor-section-boxed elementor-section-height-default elementor-section-height-default\" data-id=\"286226f\" data-element_type=\"section\" data-e-type=\"section\">\n\t\t\t\t\t\t<div class=\"elementor-container elementor-column-gap-default\">\n\t\t\t\t\t<div class=\"elementor-column elementor-col-100 elementor-top-column elementor-element elementor-element-5b7faba\" data-id=\"5b7faba\" data-element_type=\"column\" data-e-type=\"column\">\n\t\t\t<div class=\"elementor-widget-wrap elementor-element-populated\">\n\t\t\t\t\t\t<div class=\"elementor-element elementor-element-db82e08 elementor-widget elementor-widget-google_maps\" data-id=\"db82e08\" data-element_type=\"widget\" data-e-type=\"widget\" data-widget_type=\"google_maps.default\">\n\t\t\t\t<div class=\"elementor-widget-container\">\n\t\t\t\t\t\t\t<div class=\"elementor-custom-embed\">\n\t\t\t<iframe loading=\"lazy\"\n\t\t\t\t\tsrc=\"https:\/\/maps.google.com\/maps?q=Budapest%2C%20T%C5%B1zolt%C3%B3%20u.%2037-47%2C%201094&#038;t=m&#038;z=18&#038;output=embed&#038;iwloc=near\"\n\t\t\t\t\ttitle=\"Budapest, T\u0171zolt\u00f3 u. 37-47, 1094\"\n\t\t\t\t\taria-label=\"Budapest, T\u0171zolt\u00f3 u. 37-47, 1094\"\n\t\t\t><\/iframe>\n\t\t<\/div>\n\t\t\t\t\t\t<\/div>\n\t\t\t\t<\/div>\n\t\t\t\t\t<\/div>\n\t\t<\/div>\n\t\t\t\t\t<\/div>\n\t\t<\/section>\n\t\t\t\t<\/div>\n\t\t","protected":false},"excerpt":{"rendered":"<p>OUR CONTACTS PHONE: +36 30 2733 488 EMAIL: info@semmelweisshop.hu ADRESS: 1094 Bp., T\u0171zolt\u00f3 utca 37-47. Opening hours: Monday: 09:00 &#8211; 14:00 Tuesday: 09:00 &#8211; 14:00 Wednesday: 09:00 &#8211; 14:00 Thursday: 09:00 &#8211; 14:00 Friday: 09:00 &#8211; 12:00<\/p>\n","protected":false},"author":1,"featured_media":0,"parent":0,"menu_order":0,"comment_status":"closed","ping_status":"closed","template":"","meta":{"footnotes":""},"class_list":["post-9178","page","type-page","status-publish","hentry"],"yoast_head":"<!-- This site is optimized with the Yoast SEO plugin v27.4 - https:\/\/yoast.com\/product\/yoast-seo-wordpress\/ -->\n<title>Contact us - Semmelweis Shop<\/title>\n<meta name=\"robots\" content=\"index, follow, max-snippet:-1, max-image-preview:large, max-video-preview:-1\" \/>\n<link rel=\"canonical\" href=\"https:\/\/www.semmelweisshop.hu\/en\/kapcsolat\/\" \/>\n<meta property=\"og:locale\" content=\"en_US\" \/>\n<meta property=\"og:type\" content=\"article\" \/>\n<meta property=\"og:title\" content=\"Contact us - Semmelweis Shop\" \/>\n<meta property=\"og:description\" content=\"OUR CONTACTS PHONE: +36 30 2733 488 EMAIL: info@semmelweisshop.hu ADRESS: 1094 Bp., T\u0171zolt\u00f3 utca 37-47. Opening hours: Monday: 09:00 &#8211; 14:00 Tuesday: 09:00 &#8211; 14:00 Wednesday: 09:00 &#8211; 14:00 Thursday: 09:00 &#8211; 14:00 Friday: 09:00 &#8211; 12:00\" \/>\n<meta property=\"og:url\" content=\"https:\/\/www.semmelweisshop.hu\/en\/kapcsolat\/\" \/>\n<meta property=\"og:site_name\" content=\"Semmelweis Shop\" \/>\n<meta property=\"article:publisher\" content=\"https:\/\/www.facebook.com\/semmelweisegyetem\" \/>\n<meta property=\"article:modified_time\" content=\"2025-08-27T06:31:32+00:00\" \/>\n<meta name=\"twitter:card\" content=\"summary_large_image\" \/>\n<meta name=\"twitter:label1\" content=\"Est. reading time\" \/>\n\t<meta name=\"twitter:data1\" content=\"1 minute\" \/>\n<script type=\"application\/ld+json\" class=\"yoast-schema-graph\">{\"@context\":\"https:\\\/\\\/schema.org\",\"@graph\":[{\"@type\":\"WebPage\",\"@id\":\"https:\\\/\\\/www.semmelweisshop.hu\\\/en\\\/kapcsolat\\\/\",\"url\":\"https:\\\/\\\/www.semmelweisshop.hu\\\/en\\\/kapcsolat\\\/\",\"name\":\"Contact us - Semmelweis Shop\",\"isPartOf\":{\"@id\":\"http:\\\/\\\/shopwebserver.polandcentral.cloudapp.azure.com\\\/#website\"},\"datePublished\":\"2020-08-19T19:29:42+00:00\",\"dateModified\":\"2025-08-27T06:31:32+00:00\",\"breadcrumb\":{\"@id\":\"https:\\\/\\\/www.semmelweisshop.hu\\\/en\\\/kapcsolat\\\/#breadcrumb\"},\"inLanguage\":\"en-US\",\"potentialAction\":[{\"@type\":\"ReadAction\",\"target\":[\"https:\\\/\\\/www.semmelweisshop.hu\\\/en\\\/kapcsolat\\\/\"]}]},{\"@type\":\"BreadcrumbList\",\"@id\":\"https:\\\/\\\/www.semmelweisshop.hu\\\/en\\\/kapcsolat\\\/#breadcrumb\",\"itemListElement\":[{\"@type\":\"ListItem\",\"position\":1,\"name\":\"Kezd\u0151lap\",\"item\":\"https:\\\/\\\/www.semmelweisshop.hu\\\/\"},{\"@type\":\"ListItem\",\"position\":2,\"name\":\"Contact us\"}]},{\"@type\":\"WebSite\",\"@id\":\"http:\\\/\\\/shopwebserver.polandcentral.cloudapp.azure.com\\\/#website\",\"url\":\"http:\\\/\\\/shopwebserver.polandcentral.cloudapp.azure.com\\\/\",\"name\":\"Semmelweis Shop\",\"description\":\"\u00dcdv\u00f6zl\u00fcnk a Semmelweis Shop oldal\u00e1n! Tal\u00e1ld meg a hozz\u00e1d ill\u0151 darabokat \u00e9s mutasd meg hova tartozol!\",\"publisher\":{\"@id\":\"http:\\\/\\\/shopwebserver.polandcentral.cloudapp.azure.com\\\/#organization\"},\"potentialAction\":[{\"@type\":\"SearchAction\",\"target\":{\"@type\":\"EntryPoint\",\"urlTemplate\":\"http:\\\/\\\/shopwebserver.polandcentral.cloudapp.azure.com\\\/?s={search_term_string}\"},\"query-input\":{\"@type\":\"PropertyValueSpecification\",\"valueRequired\":true,\"valueName\":\"search_term_string\"}}],\"inLanguage\":\"en-US\"},{\"@type\":\"Organization\",\"@id\":\"http:\\\/\\\/shopwebserver.polandcentral.cloudapp.azure.com\\\/#organization\",\"name\":\"Semmelweis Egyetem\",\"url\":\"http:\\\/\\\/shopwebserver.polandcentral.cloudapp.azure.com\\\/\",\"logo\":{\"@type\":\"ImageObject\",\"inLanguage\":\"en-US\",\"@id\":\"http:\\\/\\\/shopwebserver.polandcentral.cloudapp.azure.com\\\/#\\\/schema\\\/logo\\\/image\\\/\",\"url\":\"http:\\\/\\\/shopwebserver.polandcentral.cloudapp.azure.com\\\/wp-content\\\/uploads\\\/2020\\\/11\\\/se_logo.png\",\"contentUrl\":\"http:\\\/\\\/shopwebserver.polandcentral.cloudapp.azure.com\\\/wp-content\\\/uploads\\\/2020\\\/11\\\/se_logo.png\",\"width\":1000,\"height\":1000,\"caption\":\"Semmelweis Egyetem\"},\"image\":{\"@id\":\"http:\\\/\\\/shopwebserver.polandcentral.cloudapp.azure.com\\\/#\\\/schema\\\/logo\\\/image\\\/\"},\"sameAs\":[\"https:\\\/\\\/www.facebook.com\\\/semmelweisegyetem\"]}]}<\/script>\n<!-- \/ Yoast SEO plugin. -->","yoast_head_json":{"title":"Contact us - Semmelweis Shop","robots":{"index":"index","follow":"follow","max-snippet":"max-snippet:-1","max-image-preview":"max-image-preview:large","max-video-preview":"max-video-preview:-1"},"canonical":"https:\/\/www.semmelweisshop.hu\/en\/kapcsolat\/","og_locale":"en_US","og_type":"article","og_title":"Contact us - Semmelweis Shop","og_description":"OUR CONTACTS PHONE: +36 30 2733 488 EMAIL: info@semmelweisshop.hu ADRESS: 1094 Bp., T\u0171zolt\u00f3 utca 37-47. Opening hours: Monday: 09:00 &#8211; 14:00 Tuesday: 09:00 &#8211; 14:00 Wednesday: 09:00 &#8211; 14:00 Thursday: 09:00 &#8211; 14:00 Friday: 09:00 &#8211; 12:00","og_url":"https:\/\/www.semmelweisshop.hu\/en\/kapcsolat\/","og_site_name":"Semmelweis Shop","article_publisher":"https:\/\/www.facebook.com\/semmelweisegyetem","article_modified_time":"2025-08-27T06:31:32+00:00","twitter_card":"summary_large_image","twitter_misc":{"Est. reading time":"1 minute"},"schema":{"@context":"https:\/\/schema.org","@graph":[{"@type":"WebPage","@id":"https:\/\/www.semmelweisshop.hu\/en\/kapcsolat\/","url":"https:\/\/www.semmelweisshop.hu\/en\/kapcsolat\/","name":"Contact us - Semmelweis Shop","isPartOf":{"@id":"http:\/\/shopwebserver.polandcentral.cloudapp.azure.com\/#website"},"datePublished":"2020-08-19T19:29:42+00:00","dateModified":"2025-08-27T06:31:32+00:00","breadcrumb":{"@id":"https:\/\/www.semmelweisshop.hu\/en\/kapcsolat\/#breadcrumb"},"inLanguage":"en-US","potentialAction":[{"@type":"ReadAction","target":["https:\/\/www.semmelweisshop.hu\/en\/kapcsolat\/"]}]},{"@type":"BreadcrumbList","@id":"https:\/\/www.semmelweisshop.hu\/en\/kapcsolat\/#breadcrumb","itemListElement":[{"@type":"ListItem","position":1,"name":"Kezd\u0151lap","item":"https:\/\/www.semmelweisshop.hu\/"},{"@type":"ListItem","position":2,"name":"Contact us"}]},{"@type":"WebSite","@id":"http:\/\/shopwebserver.polandcentral.cloudapp.azure.com\/#website","url":"http:\/\/shopwebserver.polandcentral.cloudapp.azure.com\/","name":"Semmelweis Shop","description":"\u00dcdv\u00f6zl\u00fcnk a Semmelweis Shop oldal\u00e1n! Tal\u00e1ld meg a hozz\u00e1d ill\u0151 darabokat \u00e9s mutasd meg hova tartozol!","publisher":{"@id":"http:\/\/shopwebserver.polandcentral.cloudapp.azure.com\/#organization"},"potentialAction":[{"@type":"SearchAction","target":{"@type":"EntryPoint","urlTemplate":"http:\/\/shopwebserver.polandcentral.cloudapp.azure.com\/?s={search_term_string}"},"query-input":{"@type":"PropertyValueSpecification","valueRequired":true,"valueName":"search_term_string"}}],"inLanguage":"en-US"},{"@type":"Organization","@id":"http:\/\/shopwebserver.polandcentral.cloudapp.azure.com\/#organization","name":"Semmelweis Egyetem","url":"http:\/\/shopwebserver.polandcentral.cloudapp.azure.com\/","logo":{"@type":"ImageObject","inLanguage":"en-US","@id":"http:\/\/shopwebserver.polandcentral.cloudapp.azure.com\/#\/schema\/logo\/image\/","url":"http:\/\/shopwebserver.polandcentral.cloudapp.azure.com\/wp-content\/uploads\/2020\/11\/se_logo.png","contentUrl":"http:\/\/shopwebserver.polandcentral.cloudapp.azure.com\/wp-content\/uploads\/2020\/11\/se_logo.png","width":1000,"height":1000,"caption":"Semmelweis Egyetem"},"image":{"@id":"http:\/\/shopwebserver.polandcentral.cloudapp.azure.com\/#\/schema\/logo\/image\/"},"sameAs":["https:\/\/www.facebook.com\/semmelweisegyetem"]}]}},"_links":{"self":[{"href":"https:\/\/www.semmelweisshop.hu\/en\/wp-json\/wp\/v2\/pages\/9178","targetHints":{"allow":["GET"]}}],"collection":[{"href":"https:\/\/www.semmelweisshop.hu\/en\/wp-json\/wp\/v2\/pages"}],"about":[{"href":"https:\/\/www.semmelweisshop.hu\/en\/wp-json\/wp\/v2\/types\/page"}],"author":[{"embeddable":true,"href":"https:\/\/www.semmelweisshop.hu\/en\/wp-json\/wp\/v2\/users\/1"}],"replies":[{"embeddable":true,"href":"https:\/\/www.semmelweisshop.hu\/en\/wp-json\/wp\/v2\/comments?post=9178"}],"version-history":[{"count":63,"href":"https:\/\/www.semmelweisshop.hu\/en\/wp-json\/wp\/v2\/pages\/9178\/revisions"}],"predecessor-version":[{"id":25859,"href":"https:\/\/www.semmelweisshop.hu\/en\/wp-json\/wp\/v2\/pages\/9178\/revisions\/25859"}],"wp:attachment":[{"href":"https:\/\/www.semmelweisshop.hu\/en\/wp-json\/wp\/v2\/media?parent=9178"}],"curies":[{"name":"wp","href":"https:\/\/api.w.org\/{rel}","templated":true}]}}