{"id":9184,"date":"2020-08-19T19:45:38","date_gmt":"2020-08-19T19:45:38","guid":{"rendered":"https:\/\/www.semmelweisshop.hu\/?page_id=9184"},"modified":"2023-04-17T10:32:43","modified_gmt":"2023-04-17T08:32:43","slug":"fizetesi-es-szallitasi-feltetelek","status":"publish","type":"page","link":"https:\/\/www.semmelweisshop.hu\/en\/fizetesi-es-szallitasi-feltetelek\/","title":{"rendered":"Terms of payment and delivery"},"content":{"rendered":"\t\t<div data-elementor-type=\"wp-page\" data-elementor-id=\"9184\" class=\"elementor elementor-9184 elementor-6929\">\n\t\t\t\t\t\t<section class=\"elementor-section elementor-top-section elementor-element elementor-element-6756ceb5 elementor-section-boxed elementor-section-height-default elementor-section-height-default\" data-id=\"6756ceb5\" data-element_type=\"section\" data-e-type=\"section\">\n\t\t\t\t\t\t<div class=\"elementor-container elementor-column-gap-default\">\n\t\t\t\t\t<div class=\"elementor-column elementor-col-100 elementor-top-column elementor-element elementor-element-1dcbeecb\" data-id=\"1dcbeecb\" data-element_type=\"column\" data-e-type=\"column\">\n\t\t\t<div class=\"elementor-widget-wrap elementor-element-populated\">\n\t\t\t\t\t\t<div class=\"elementor-element elementor-element-6d7004ea elementor-widget elementor-widget-text-editor\" data-id=\"6d7004ea\" data-element_type=\"widget\" data-e-type=\"widget\" data-widget_type=\"text-editor.default\">\n\t\t\t\t<div class=\"elementor-widget-container\">\n\t\t\t\t\t\t\t\t\t\n<h4>FIZET\u00c9SI \u00c9S SZ\u00c1LL\u00cdT\u00c1SI FELT\u00c9TELEK<\/h4>\n\t\t\t\t\t\t\t\t<\/div>\n\t\t\t\t<\/div>\n\t\t\t\t\t<\/div>\n\t\t<\/div>\n\t\t\t\t\t<\/div>\n\t\t<\/section>\n\t\t\t\t<section class=\"elementor-section elementor-top-section elementor-element elementor-element-be73138 elementor-section-boxed elementor-section-height-default elementor-section-height-default\" data-id=\"be73138\" data-element_type=\"section\" data-e-type=\"section\">\n\t\t\t\t\t\t<div class=\"elementor-container elementor-column-gap-default\">\n\t\t\t\t\t<div class=\"elementor-column elementor-col-100 elementor-top-column elementor-element elementor-element-7be5da6\" data-id=\"7be5da6\" data-element_type=\"column\" data-e-type=\"column\">\n\t\t\t<div class=\"elementor-widget-wrap elementor-element-populated\">\n\t\t\t\t\t\t<div class=\"elementor-element elementor-element-010596b elementor-widget elementor-widget-text-editor\" data-id=\"010596b\" data-element_type=\"widget\" data-e-type=\"widget\" data-widget_type=\"text-editor.default\">\n\t\t\t\t<div class=\"elementor-widget-container\">\n\t\t\t\t\t\t\t\t\t<p style=\"font-size: 14px;\"><strong>1. Csomag \u00e1tv\u00e9teli lehet\u0151s\u00e9gek<\/strong><\/p>\n<p style=\"font-size: 14px;\"><strong>Szem\u00e9lyes \u00e1tv\u00e9tel eset\u00e9n<\/strong>&nbsp;\u00fczlet\u00fcnkben (Semmelweis Egyetem EOK, 1094 Budapest, T\u0171zolt\u00f3 utca 37-43.) k\u00e9szp\u00e9nzzel vagy bankk\u00e1rty\u00e1val fizethet. Internetes rendel\u00e9s\u00e9t, amennyiben megjel\u00f6li a szem\u00e9lyes \u00e1tv\u00e9telt, 2 munkanapig t\u00e1roljuk Semmelweis Egyetem Elm\u00e9leti Orvostudom\u00e1nyi K\u00f6zpontban tal\u00e1lhat\u00f3 boltunkban a megadott nyitvatart\u00e1si id\u0151ben.<\/p>\n<p style=\"font-size: 14px;\"><strong>A fut\u00e1rral t\u00f6rt\u00e9n\u0151 kisz\u00e1ll\u00edt\u00e1s eset\u00e9n<\/strong>&nbsp;a rendel\u00e9seket rendel\u00e9s lead\u00e1sakor el\u0151re sz\u00fcks\u00e9ges kifizetni bankk\u00e1rty\u00e1val. Ut\u00e1nv\u00e9tes fizet\u00e9sre a fut\u00e1rn\u00e1l nincs lehet\u0151s\u00e9g. Term\u00e9keinket az MPL (Magyar Posta Logisztika) sz\u00e1ll\u00edtja h\u00e1zhoz.&nbsp; K\u00e9rj\u00fck, minden esetben gy\u0151z\u0151dj\u00f6n meg a csomagol\u00e1s s\u00e9r\u00fcl\u00e9smentess\u00e9g\u00e9r\u0151l. Hib\u00e1s, s\u00e9r\u00fclt csomagol\u00e1skor jegyz\u0151k\u00f6nyvet vetessen fel, a hib\u00e1s csomagol\u00e1s\u00fa \u00e9s s\u00e9r\u00fclt \u00e1rut k\u00fcldje vissza a fut\u00e1rral (azaz ne vegye \u00e1t).<\/p>\n<p style=\"font-size: 14px;\"><strong>2. Sz\u00e1ll\u00edt\u00e1si k\u00f6lts\u00e9g:<\/strong><\/p>\n<p style=\"font-size: 14px;\">Megrendel\u00e9s\u00e9t az Semmelweis Eg\u00e9szs\u00e9g\u00fcgyi Szolg\u00e1ltat\u00f3 \u00e9s Tan\u00e1csad\u00f3 Kft. egys\u00e9gesen 1490 Forint kisz\u00e1ll\u00edt\u00e1si \u00e1ron sz\u00e1ll\u00edtja h\u00e1zhoz.<\/p>\n<p style=\"font-size: 14px;\"><strong>3. Fizet\u00e9s:<\/strong><\/p>\n<p style=\"font-size: 14px;\">A fizet\u00e9s ut\u00e1nv\u00e9ttel, bankk\u00e1rty\u00e1val (MasterCard \u00e9s Visa) t\u00f6rt\u00e9nik.<\/p>\n<p style=\"font-size: 14px;\"><\/p><p style=\"font-size: 14px;\"><strong>Fizet\u00e9s bankk\u00e1rty\u00e1val<\/strong><\/p>\n<p style=\"font-size: 14px;\">A megrendel\u00e9si folyamat sor\u00e1n azonnal tud fizetni, ha megadja bankk\u00e1rty\u00e1ja adatait. A sz\u00e1ll\u00edt\u00e1skor banksz\u00e1ml\u00e1j\u00e1t az esetleges kedvezm\u00e9nyek, p\u00e9ld\u00e1ul kuponok stb., levon\u00e1sa ut\u00e1n megterhelj\u00fck a t\u00e9nylegesen kisz\u00e1ml\u00e1zott \u00f6sszeggel.<\/p>\t\t\t\t\t\t\t\t<\/div>\n\t\t\t\t<\/div>\n\t\t\t\t\t<\/div>\n\t\t<\/div>\n\t\t\t\t\t<\/div>\n\t\t<\/section>\n\t\t\t\t<\/div>\n\t\t","protected":false},"excerpt":{"rendered":"<p>FIZET\u00c9SI \u00c9S SZ\u00c1LL\u00cdT\u00c1SI FELT\u00c9TELEK 1. Csomag \u00e1tv\u00e9teli lehet\u0151s\u00e9gek Szem\u00e9lyes \u00e1tv\u00e9tel eset\u00e9n&nbsp;\u00fczlet\u00fcnkben (Semmelweis Egyetem EOK, 1094 Budapest, T\u0171zolt\u00f3 utca 37-43.) k\u00e9szp\u00e9nzzel vagy bankk\u00e1rty\u00e1val fizethet. Internetes rendel\u00e9s\u00e9t, amennyiben megjel\u00f6li a szem\u00e9lyes \u00e1tv\u00e9telt, 2 munkanapig t\u00e1roljuk Semmelweis Egyetem Elm\u00e9leti Orvostudom\u00e1nyi K\u00f6zpontban tal\u00e1lhat\u00f3 boltunkban a megadott nyitvatart\u00e1si id\u0151ben. A&#8230;<\/p>\n","protected":false},"author":1,"featured_media":0,"parent":0,"menu_order":0,"comment_status":"closed","ping_status":"closed","template":"","meta":{"footnotes":""},"class_list":["post-9184","page","type-page","status-publish","hentry"],"yoast_head":"<!-- This site is optimized with the Yoast SEO plugin v27.4 - https:\/\/yoast.com\/product\/yoast-seo-wordpress\/ -->\n<title>Terms of payment and delivery - Semmelweis Shop<\/title>\n<meta name=\"robots\" content=\"index, follow, max-snippet:-1, max-image-preview:large, max-video-preview:-1\" \/>\n<link rel=\"canonical\" href=\"https:\/\/www.semmelweisshop.hu\/fizetesi-es-szallitasi-feltetelek\/\" \/>\n<meta property=\"og:locale\" content=\"en_US\" \/>\n<meta property=\"og:type\" content=\"article\" \/>\n<meta property=\"og:title\" content=\"Terms of payment and delivery - Semmelweis Shop\" \/>\n<meta property=\"og:description\" content=\"FIZET\u00c9SI \u00c9S SZ\u00c1LL\u00cdT\u00c1SI FELT\u00c9TELEK 1. Csomag \u00e1tv\u00e9teli lehet\u0151s\u00e9gek Szem\u00e9lyes \u00e1tv\u00e9tel eset\u00e9n&nbsp;\u00fczlet\u00fcnkben (Semmelweis Egyetem EOK, 1094 Budapest, T\u0171zolt\u00f3 utca 37-43.) k\u00e9szp\u00e9nzzel vagy bankk\u00e1rty\u00e1val fizethet. Internetes rendel\u00e9s\u00e9t, amennyiben megjel\u00f6li a szem\u00e9lyes \u00e1tv\u00e9telt, 2 munkanapig t\u00e1roljuk Semmelweis Egyetem Elm\u00e9leti Orvostudom\u00e1nyi K\u00f6zpontban tal\u00e1lhat\u00f3 boltunkban a megadott nyitvatart\u00e1si id\u0151ben. A...\" \/>\n<meta property=\"og:url\" content=\"https:\/\/www.semmelweisshop.hu\/fizetesi-es-szallitasi-feltetelek\/\" \/>\n<meta property=\"og:site_name\" content=\"Semmelweis Shop\" \/>\n<meta property=\"article:publisher\" content=\"https:\/\/www.facebook.com\/semmelweisegyetem\" \/>\n<meta property=\"article:modified_time\" content=\"2023-04-17T08:32:43+00:00\" \/>\n<meta name=\"twitter:card\" content=\"summary_large_image\" \/>\n<meta name=\"twitter:label1\" content=\"Est. reading time\" \/>\n\t<meta name=\"twitter:data1\" content=\"1 minute\" \/>\n<script type=\"application\/ld+json\" class=\"yoast-schema-graph\">{\"@context\":\"https:\\\/\\\/schema.org\",\"@graph\":[{\"@type\":\"WebPage\",\"@id\":\"https:\\\/\\\/www.semmelweisshop.hu\\\/fizetesi-es-szallitasi-feltetelek\\\/\",\"url\":\"https:\\\/\\\/www.semmelweisshop.hu\\\/fizetesi-es-szallitasi-feltetelek\\\/\",\"name\":\"Terms of payment and delivery - Semmelweis Shop\",\"isPartOf\":{\"@id\":\"http:\\\/\\\/shopwebserver.polandcentral.cloudapp.azure.com\\\/#website\"},\"datePublished\":\"2020-08-19T19:45:38+00:00\",\"dateModified\":\"2023-04-17T08:32:43+00:00\",\"breadcrumb\":{\"@id\":\"https:\\\/\\\/www.semmelweisshop.hu\\\/fizetesi-es-szallitasi-feltetelek\\\/#breadcrumb\"},\"inLanguage\":\"en-US\",\"potentialAction\":[{\"@type\":\"ReadAction\",\"target\":[\"https:\\\/\\\/www.semmelweisshop.hu\\\/fizetesi-es-szallitasi-feltetelek\\\/\"]}]},{\"@type\":\"BreadcrumbList\",\"@id\":\"https:\\\/\\\/www.semmelweisshop.hu\\\/fizetesi-es-szallitasi-feltetelek\\\/#breadcrumb\",\"itemListElement\":[{\"@type\":\"ListItem\",\"position\":1,\"name\":\"Kezd\u0151lap\",\"item\":\"https:\\\/\\\/www.semmelweisshop.hu\\\/\"},{\"@type\":\"ListItem\",\"position\":2,\"name\":\"Terms of payment and delivery\"}]},{\"@type\":\"WebSite\",\"@id\":\"http:\\\/\\\/shopwebserver.polandcentral.cloudapp.azure.com\\\/#website\",\"url\":\"http:\\\/\\\/shopwebserver.polandcentral.cloudapp.azure.com\\\/\",\"name\":\"Semmelweis Shop\",\"description\":\"\u00dcdv\u00f6zl\u00fcnk a Semmelweis Shop oldal\u00e1n! Tal\u00e1ld meg a hozz\u00e1d ill\u0151 darabokat \u00e9s mutasd meg hova tartozol!\",\"publisher\":{\"@id\":\"http:\\\/\\\/shopwebserver.polandcentral.cloudapp.azure.com\\\/#organization\"},\"potentialAction\":[{\"@type\":\"SearchAction\",\"target\":{\"@type\":\"EntryPoint\",\"urlTemplate\":\"http:\\\/\\\/shopwebserver.polandcentral.cloudapp.azure.com\\\/?s={search_term_string}\"},\"query-input\":{\"@type\":\"PropertyValueSpecification\",\"valueRequired\":true,\"valueName\":\"search_term_string\"}}],\"inLanguage\":\"en-US\"},{\"@type\":\"Organization\",\"@id\":\"http:\\\/\\\/shopwebserver.polandcentral.cloudapp.azure.com\\\/#organization\",\"name\":\"Semmelweis Egyetem\",\"url\":\"http:\\\/\\\/shopwebserver.polandcentral.cloudapp.azure.com\\\/\",\"logo\":{\"@type\":\"ImageObject\",\"inLanguage\":\"en-US\",\"@id\":\"http:\\\/\\\/shopwebserver.polandcentral.cloudapp.azure.com\\\/#\\\/schema\\\/logo\\\/image\\\/\",\"url\":\"http:\\\/\\\/shopwebserver.polandcentral.cloudapp.azure.com\\\/wp-content\\\/uploads\\\/2020\\\/11\\\/se_logo.png\",\"contentUrl\":\"http:\\\/\\\/shopwebserver.polandcentral.cloudapp.azure.com\\\/wp-content\\\/uploads\\\/2020\\\/11\\\/se_logo.png\",\"width\":1000,\"height\":1000,\"caption\":\"Semmelweis Egyetem\"},\"image\":{\"@id\":\"http:\\\/\\\/shopwebserver.polandcentral.cloudapp.azure.com\\\/#\\\/schema\\\/logo\\\/image\\\/\"},\"sameAs\":[\"https:\\\/\\\/www.facebook.com\\\/semmelweisegyetem\"]}]}<\/script>\n<!-- \/ Yoast SEO plugin. -->","yoast_head_json":{"title":"Terms of payment and delivery - Semmelweis Shop","robots":{"index":"index","follow":"follow","max-snippet":"max-snippet:-1","max-image-preview":"max-image-preview:large","max-video-preview":"max-video-preview:-1"},"canonical":"https:\/\/www.semmelweisshop.hu\/fizetesi-es-szallitasi-feltetelek\/","og_locale":"en_US","og_type":"article","og_title":"Terms of payment and delivery - Semmelweis Shop","og_description":"FIZET\u00c9SI \u00c9S SZ\u00c1LL\u00cdT\u00c1SI FELT\u00c9TELEK 1. Csomag \u00e1tv\u00e9teli lehet\u0151s\u00e9gek Szem\u00e9lyes \u00e1tv\u00e9tel eset\u00e9n&nbsp;\u00fczlet\u00fcnkben (Semmelweis Egyetem EOK, 1094 Budapest, T\u0171zolt\u00f3 utca 37-43.) k\u00e9szp\u00e9nzzel vagy bankk\u00e1rty\u00e1val fizethet. Internetes rendel\u00e9s\u00e9t, amennyiben megjel\u00f6li a szem\u00e9lyes \u00e1tv\u00e9telt, 2 munkanapig t\u00e1roljuk Semmelweis Egyetem Elm\u00e9leti Orvostudom\u00e1nyi K\u00f6zpontban tal\u00e1lhat\u00f3 boltunkban a megadott nyitvatart\u00e1si id\u0151ben. A...","og_url":"https:\/\/www.semmelweisshop.hu\/fizetesi-es-szallitasi-feltetelek\/","og_site_name":"Semmelweis Shop","article_publisher":"https:\/\/www.facebook.com\/semmelweisegyetem","article_modified_time":"2023-04-17T08:32:43+00:00","twitter_card":"summary_large_image","twitter_misc":{"Est. reading time":"1 minute"},"schema":{"@context":"https:\/\/schema.org","@graph":[{"@type":"WebPage","@id":"https:\/\/www.semmelweisshop.hu\/fizetesi-es-szallitasi-feltetelek\/","url":"https:\/\/www.semmelweisshop.hu\/fizetesi-es-szallitasi-feltetelek\/","name":"Terms of payment and delivery - Semmelweis Shop","isPartOf":{"@id":"http:\/\/shopwebserver.polandcentral.cloudapp.azure.com\/#website"},"datePublished":"2020-08-19T19:45:38+00:00","dateModified":"2023-04-17T08:32:43+00:00","breadcrumb":{"@id":"https:\/\/www.semmelweisshop.hu\/fizetesi-es-szallitasi-feltetelek\/#breadcrumb"},"inLanguage":"en-US","potentialAction":[{"@type":"ReadAction","target":["https:\/\/www.semmelweisshop.hu\/fizetesi-es-szallitasi-feltetelek\/"]}]},{"@type":"BreadcrumbList","@id":"https:\/\/www.semmelweisshop.hu\/fizetesi-es-szallitasi-feltetelek\/#breadcrumb","itemListElement":[{"@type":"ListItem","position":1,"name":"Kezd\u0151lap","item":"https:\/\/www.semmelweisshop.hu\/"},{"@type":"ListItem","position":2,"name":"Terms of payment and delivery"}]},{"@type":"WebSite","@id":"http:\/\/shopwebserver.polandcentral.cloudapp.azure.com\/#website","url":"http:\/\/shopwebserver.polandcentral.cloudapp.azure.com\/","name":"Semmelweis Shop","description":"\u00dcdv\u00f6zl\u00fcnk a Semmelweis Shop oldal\u00e1n! Tal\u00e1ld meg a hozz\u00e1d ill\u0151 darabokat \u00e9s mutasd meg hova tartozol!","publisher":{"@id":"http:\/\/shopwebserver.polandcentral.cloudapp.azure.com\/#organization"},"potentialAction":[{"@type":"SearchAction","target":{"@type":"EntryPoint","urlTemplate":"http:\/\/shopwebserver.polandcentral.cloudapp.azure.com\/?s={search_term_string}"},"query-input":{"@type":"PropertyValueSpecification","valueRequired":true,"valueName":"search_term_string"}}],"inLanguage":"en-US"},{"@type":"Organization","@id":"http:\/\/shopwebserver.polandcentral.cloudapp.azure.com\/#organization","name":"Semmelweis Egyetem","url":"http:\/\/shopwebserver.polandcentral.cloudapp.azure.com\/","logo":{"@type":"ImageObject","inLanguage":"en-US","@id":"http:\/\/shopwebserver.polandcentral.cloudapp.azure.com\/#\/schema\/logo\/image\/","url":"http:\/\/shopwebserver.polandcentral.cloudapp.azure.com\/wp-content\/uploads\/2020\/11\/se_logo.png","contentUrl":"http:\/\/shopwebserver.polandcentral.cloudapp.azure.com\/wp-content\/uploads\/2020\/11\/se_logo.png","width":1000,"height":1000,"caption":"Semmelweis Egyetem"},"image":{"@id":"http:\/\/shopwebserver.polandcentral.cloudapp.azure.com\/#\/schema\/logo\/image\/"},"sameAs":["https:\/\/www.facebook.com\/semmelweisegyetem"]}]}},"_links":{"self":[{"href":"https:\/\/www.semmelweisshop.hu\/en\/wp-json\/wp\/v2\/pages\/9184","targetHints":{"allow":["GET"]}}],"collection":[{"href":"https:\/\/www.semmelweisshop.hu\/en\/wp-json\/wp\/v2\/pages"}],"about":[{"href":"https:\/\/www.semmelweisshop.hu\/en\/wp-json\/wp\/v2\/types\/page"}],"author":[{"embeddable":true,"href":"https:\/\/www.semmelweisshop.hu\/en\/wp-json\/wp\/v2\/users\/1"}],"replies":[{"embeddable":true,"href":"https:\/\/www.semmelweisshop.hu\/en\/wp-json\/wp\/v2\/comments?post=9184"}],"version-history":[{"count":9,"href":"https:\/\/www.semmelweisshop.hu\/en\/wp-json\/wp\/v2\/pages\/9184\/revisions"}],"predecessor-version":[{"id":22353,"href":"https:\/\/www.semmelweisshop.hu\/en\/wp-json\/wp\/v2\/pages\/9184\/revisions\/22353"}],"wp:attachment":[{"href":"https:\/\/www.semmelweisshop.hu\/en\/wp-json\/wp\/v2\/media?parent=9184"}],"curies":[{"name":"wp","href":"https:\/\/api.w.org\/{rel}","templated":true}]}}