{"id":9190,"date":"2020-08-19T19:48:12","date_gmt":"2020-08-19T19:48:12","guid":{"rendered":"https:\/\/www.semmelweisshop.hu\/?page_id=9190"},"modified":"2025-12-04T17:39:44","modified_gmt":"2025-12-04T15:39:44","slug":"impresszum","status":"publish","type":"page","link":"https:\/\/www.semmelweisshop.hu\/en\/impresszum\/","title":{"rendered":"Impress"},"content":{"rendered":"\n<p>A szolg\u00e1ltat\u00f3 adatai<\/p>\n\n\n\n<p>A www.semmelweisshop.hu online \u00e1ruh\u00e1zat a Semmelweis Eg\u00e9szs\u00e9g\u00fcgyi Szolg\u00e1ltat\u00f3 \u00e9s Tan\u00e1csad\u00f3 Kft. (tov\u00e1bbiakban Szolg\u00e1ltat\u00f3) \u00fczemelteti, melynek adatai a k\u00f6vetkez\u0151k, illetve el\u00e9rhet\u0151s\u00e9gei a kiad\u00f3r\u00f3l sz\u00f3l\u00f3 inform\u00e1ci\u00f3 k\u00f6z\u00f6tt is megtal\u00e1lhat\u00f3.<\/p>\n\n\n\n<figure class=\"wp-block-table is-style-stripes\"><table><tbody><tr><td><em>C\u00e9gn\u00e9v:<\/em><\/td><td>Semmelweis Eg\u00e9szs\u00e9g\u00fcgyi Szolg\u00e1ltat\u00f3 \u00e9s Tan\u00e1csad\u00f3 Korl\u00e1tolt Felel\u0151ss\u00e9g\u0171 T\u00e1rsas\u00e1g<\/td><\/tr><tr><td><em>R\u00f6vid\u00edtett c\u00e9gn\u00e9v:<\/em><\/td><td>Semmelweis Eg\u00e9szs\u00e9g\u00fcgyi Szolg\u00e1ltat\u00f3 \u00e9s Tan\u00e1csad\u00f3 Kft.<\/td><\/tr><tr><td><em>C\u00e9gjegyz\u00e9ksz\u00e1m:<\/em><\/td><td>01-09-879749<\/td><\/tr><tr><td><em>Statisztikai sz\u00e1mjel:<\/em><\/td><td>13916974-8622-113-01<\/td><\/tr><tr><td><em>Ad\u00f3sz\u00e1m:<\/em><\/td><td>13916974-2-42<\/td><\/tr><tr><td><em>Sz\u00e9khely:<\/em><\/td><td>1085 Budapest, \u00dcll\u0151i \u00fat 26.<\/td><\/tr><tr><td><em>P\u00e9nzforgalmi jelz\u0151sz\u00e1m (banksz\u00e1mlasz\u00e1m):<\/em><\/td><td>OTP 11709002-25975493<\/td><\/tr><tr><td><em>K\u00e9pviselet\u00e9ben elj\u00e1r<\/em>:<\/td><td>Kov\u00e1cs R\u00f3bert<\/td><\/tr><tr><td><em>e-posta:<\/em><\/td><td>info@semmelweiskft.hu<\/td><\/tr><tr><td><em>Telefon:<\/em><\/td><td>(36-1) 550 7007<\/td><\/tr><tr><td><em>T\u00e1rhelyszolg\u00e1ltat\u00f3:<\/em><\/td><td>RACKFOREST KFT.<\/td><\/tr><\/tbody><\/table><\/figure>\n","protected":false},"excerpt":{"rendered":"<p>A szolg\u00e1ltat\u00f3 adatai A www.semmelweisshop.hu online \u00e1ruh\u00e1zat a Semmelweis Eg\u00e9szs\u00e9g\u00fcgyi Szolg\u00e1ltat\u00f3 \u00e9s Tan\u00e1csad\u00f3 Kft. (tov\u00e1bbiakban Szolg\u00e1ltat\u00f3) \u00fczemelteti, melynek adatai a k\u00f6vetkez\u0151k, illetve el\u00e9rhet\u0151s\u00e9gei a kiad\u00f3r\u00f3l sz\u00f3l\u00f3 inform\u00e1ci\u00f3 k\u00f6z\u00f6tt is megtal\u00e1lhat\u00f3. C\u00e9gn\u00e9v: Semmelweis Eg\u00e9szs\u00e9g\u00fcgyi Szolg\u00e1ltat\u00f3 \u00e9s Tan\u00e1csad\u00f3 Korl\u00e1tolt Felel\u0151ss\u00e9g\u0171 T\u00e1rsas\u00e1g R\u00f6vid\u00edtett c\u00e9gn\u00e9v: Semmelweis Eg\u00e9szs\u00e9g\u00fcgyi Szolg\u00e1ltat\u00f3 \u00e9s&#8230;<\/p>\n","protected":false},"author":1,"featured_media":0,"parent":0,"menu_order":0,"comment_status":"closed","ping_status":"closed","template":"","meta":{"footnotes":""},"class_list":["post-9190","page","type-page","status-publish","hentry"],"yoast_head":"<!-- This site is optimized with the Yoast SEO plugin v27.4 - https:\/\/yoast.com\/product\/yoast-seo-wordpress\/ -->\n<title>Impress - Semmelweis Shop<\/title>\n<meta name=\"robots\" content=\"index, follow, max-snippet:-1, max-image-preview:large, max-video-preview:-1\" \/>\n<link rel=\"canonical\" href=\"https:\/\/www.semmelweisshop.hu\/en\/impresszum\/\" \/>\n<meta property=\"og:locale\" content=\"en_US\" \/>\n<meta property=\"og:type\" content=\"article\" \/>\n<meta property=\"og:title\" content=\"Impress - Semmelweis Shop\" \/>\n<meta property=\"og:description\" content=\"A szolg\u00e1ltat\u00f3 adatai A www.semmelweisshop.hu online \u00e1ruh\u00e1zat a Semmelweis Eg\u00e9szs\u00e9g\u00fcgyi Szolg\u00e1ltat\u00f3 \u00e9s Tan\u00e1csad\u00f3 Kft. (tov\u00e1bbiakban Szolg\u00e1ltat\u00f3) \u00fczemelteti, melynek adatai a k\u00f6vetkez\u0151k, illetve el\u00e9rhet\u0151s\u00e9gei a kiad\u00f3r\u00f3l sz\u00f3l\u00f3 inform\u00e1ci\u00f3 k\u00f6z\u00f6tt is megtal\u00e1lhat\u00f3. C\u00e9gn\u00e9v: Semmelweis Eg\u00e9szs\u00e9g\u00fcgyi Szolg\u00e1ltat\u00f3 \u00e9s Tan\u00e1csad\u00f3 Korl\u00e1tolt Felel\u0151ss\u00e9g\u0171 T\u00e1rsas\u00e1g R\u00f6vid\u00edtett c\u00e9gn\u00e9v: Semmelweis Eg\u00e9szs\u00e9g\u00fcgyi Szolg\u00e1ltat\u00f3 \u00e9s...\" \/>\n<meta property=\"og:url\" content=\"https:\/\/www.semmelweisshop.hu\/en\/impresszum\/\" \/>\n<meta property=\"og:site_name\" content=\"Semmelweis Shop\" \/>\n<meta property=\"article:publisher\" content=\"https:\/\/www.facebook.com\/semmelweisegyetem\" \/>\n<meta property=\"article:modified_time\" content=\"2025-12-04T15:39:44+00:00\" \/>\n<meta name=\"twitter:card\" content=\"summary_large_image\" \/>\n<meta name=\"twitter:label1\" content=\"Est. reading time\" \/>\n\t<meta name=\"twitter:data1\" content=\"1 minute\" \/>\n<script type=\"application\/ld+json\" class=\"yoast-schema-graph\">{\"@context\":\"https:\\\/\\\/schema.org\",\"@graph\":[{\"@type\":\"WebPage\",\"@id\":\"https:\\\/\\\/www.semmelweisshop.hu\\\/en\\\/impresszum\\\/\",\"url\":\"https:\\\/\\\/www.semmelweisshop.hu\\\/en\\\/impresszum\\\/\",\"name\":\"Impress - Semmelweis Shop\",\"isPartOf\":{\"@id\":\"http:\\\/\\\/shopwebserver.polandcentral.cloudapp.azure.com\\\/#website\"},\"datePublished\":\"2020-08-19T19:48:12+00:00\",\"dateModified\":\"2025-12-04T15:39:44+00:00\",\"breadcrumb\":{\"@id\":\"https:\\\/\\\/www.semmelweisshop.hu\\\/en\\\/impresszum\\\/#breadcrumb\"},\"inLanguage\":\"en-US\",\"potentialAction\":[{\"@type\":\"ReadAction\",\"target\":[\"https:\\\/\\\/www.semmelweisshop.hu\\\/en\\\/impresszum\\\/\"]}]},{\"@type\":\"BreadcrumbList\",\"@id\":\"https:\\\/\\\/www.semmelweisshop.hu\\\/en\\\/impresszum\\\/#breadcrumb\",\"itemListElement\":[{\"@type\":\"ListItem\",\"position\":1,\"name\":\"Kezd\u0151lap\",\"item\":\"https:\\\/\\\/www.semmelweisshop.hu\\\/\"},{\"@type\":\"ListItem\",\"position\":2,\"name\":\"Impress\"}]},{\"@type\":\"WebSite\",\"@id\":\"http:\\\/\\\/shopwebserver.polandcentral.cloudapp.azure.com\\\/#website\",\"url\":\"http:\\\/\\\/shopwebserver.polandcentral.cloudapp.azure.com\\\/\",\"name\":\"Semmelweis Shop\",\"description\":\"\u00dcdv\u00f6zl\u00fcnk a Semmelweis Shop oldal\u00e1n! Tal\u00e1ld meg a hozz\u00e1d ill\u0151 darabokat \u00e9s mutasd meg hova tartozol!\",\"publisher\":{\"@id\":\"http:\\\/\\\/shopwebserver.polandcentral.cloudapp.azure.com\\\/#organization\"},\"potentialAction\":[{\"@type\":\"SearchAction\",\"target\":{\"@type\":\"EntryPoint\",\"urlTemplate\":\"http:\\\/\\\/shopwebserver.polandcentral.cloudapp.azure.com\\\/?s={search_term_string}\"},\"query-input\":{\"@type\":\"PropertyValueSpecification\",\"valueRequired\":true,\"valueName\":\"search_term_string\"}}],\"inLanguage\":\"en-US\"},{\"@type\":\"Organization\",\"@id\":\"http:\\\/\\\/shopwebserver.polandcentral.cloudapp.azure.com\\\/#organization\",\"name\":\"Semmelweis Egyetem\",\"url\":\"http:\\\/\\\/shopwebserver.polandcentral.cloudapp.azure.com\\\/\",\"logo\":{\"@type\":\"ImageObject\",\"inLanguage\":\"en-US\",\"@id\":\"http:\\\/\\\/shopwebserver.polandcentral.cloudapp.azure.com\\\/#\\\/schema\\\/logo\\\/image\\\/\",\"url\":\"http:\\\/\\\/shopwebserver.polandcentral.cloudapp.azure.com\\\/wp-content\\\/uploads\\\/2020\\\/11\\\/se_logo.png\",\"contentUrl\":\"http:\\\/\\\/shopwebserver.polandcentral.cloudapp.azure.com\\\/wp-content\\\/uploads\\\/2020\\\/11\\\/se_logo.png\",\"width\":1000,\"height\":1000,\"caption\":\"Semmelweis Egyetem\"},\"image\":{\"@id\":\"http:\\\/\\\/shopwebserver.polandcentral.cloudapp.azure.com\\\/#\\\/schema\\\/logo\\\/image\\\/\"},\"sameAs\":[\"https:\\\/\\\/www.facebook.com\\\/semmelweisegyetem\"]}]}<\/script>\n<!-- \/ Yoast SEO plugin. -->","yoast_head_json":{"title":"Impress - Semmelweis Shop","robots":{"index":"index","follow":"follow","max-snippet":"max-snippet:-1","max-image-preview":"max-image-preview:large","max-video-preview":"max-video-preview:-1"},"canonical":"https:\/\/www.semmelweisshop.hu\/en\/impresszum\/","og_locale":"en_US","og_type":"article","og_title":"Impress - Semmelweis Shop","og_description":"A szolg\u00e1ltat\u00f3 adatai A www.semmelweisshop.hu online \u00e1ruh\u00e1zat a Semmelweis Eg\u00e9szs\u00e9g\u00fcgyi Szolg\u00e1ltat\u00f3 \u00e9s Tan\u00e1csad\u00f3 Kft. (tov\u00e1bbiakban Szolg\u00e1ltat\u00f3) \u00fczemelteti, melynek adatai a k\u00f6vetkez\u0151k, illetve el\u00e9rhet\u0151s\u00e9gei a kiad\u00f3r\u00f3l sz\u00f3l\u00f3 inform\u00e1ci\u00f3 k\u00f6z\u00f6tt is megtal\u00e1lhat\u00f3. C\u00e9gn\u00e9v: Semmelweis Eg\u00e9szs\u00e9g\u00fcgyi Szolg\u00e1ltat\u00f3 \u00e9s Tan\u00e1csad\u00f3 Korl\u00e1tolt Felel\u0151ss\u00e9g\u0171 T\u00e1rsas\u00e1g R\u00f6vid\u00edtett c\u00e9gn\u00e9v: Semmelweis Eg\u00e9szs\u00e9g\u00fcgyi Szolg\u00e1ltat\u00f3 \u00e9s...","og_url":"https:\/\/www.semmelweisshop.hu\/en\/impresszum\/","og_site_name":"Semmelweis Shop","article_publisher":"https:\/\/www.facebook.com\/semmelweisegyetem","article_modified_time":"2025-12-04T15:39:44+00:00","twitter_card":"summary_large_image","twitter_misc":{"Est. reading time":"1 minute"},"schema":{"@context":"https:\/\/schema.org","@graph":[{"@type":"WebPage","@id":"https:\/\/www.semmelweisshop.hu\/en\/impresszum\/","url":"https:\/\/www.semmelweisshop.hu\/en\/impresszum\/","name":"Impress - Semmelweis Shop","isPartOf":{"@id":"http:\/\/shopwebserver.polandcentral.cloudapp.azure.com\/#website"},"datePublished":"2020-08-19T19:48:12+00:00","dateModified":"2025-12-04T15:39:44+00:00","breadcrumb":{"@id":"https:\/\/www.semmelweisshop.hu\/en\/impresszum\/#breadcrumb"},"inLanguage":"en-US","potentialAction":[{"@type":"ReadAction","target":["https:\/\/www.semmelweisshop.hu\/en\/impresszum\/"]}]},{"@type":"BreadcrumbList","@id":"https:\/\/www.semmelweisshop.hu\/en\/impresszum\/#breadcrumb","itemListElement":[{"@type":"ListItem","position":1,"name":"Kezd\u0151lap","item":"https:\/\/www.semmelweisshop.hu\/"},{"@type":"ListItem","position":2,"name":"Impress"}]},{"@type":"WebSite","@id":"http:\/\/shopwebserver.polandcentral.cloudapp.azure.com\/#website","url":"http:\/\/shopwebserver.polandcentral.cloudapp.azure.com\/","name":"Semmelweis Shop","description":"\u00dcdv\u00f6zl\u00fcnk a Semmelweis Shop oldal\u00e1n! Tal\u00e1ld meg a hozz\u00e1d ill\u0151 darabokat \u00e9s mutasd meg hova tartozol!","publisher":{"@id":"http:\/\/shopwebserver.polandcentral.cloudapp.azure.com\/#organization"},"potentialAction":[{"@type":"SearchAction","target":{"@type":"EntryPoint","urlTemplate":"http:\/\/shopwebserver.polandcentral.cloudapp.azure.com\/?s={search_term_string}"},"query-input":{"@type":"PropertyValueSpecification","valueRequired":true,"valueName":"search_term_string"}}],"inLanguage":"en-US"},{"@type":"Organization","@id":"http:\/\/shopwebserver.polandcentral.cloudapp.azure.com\/#organization","name":"Semmelweis Egyetem","url":"http:\/\/shopwebserver.polandcentral.cloudapp.azure.com\/","logo":{"@type":"ImageObject","inLanguage":"en-US","@id":"http:\/\/shopwebserver.polandcentral.cloudapp.azure.com\/#\/schema\/logo\/image\/","url":"http:\/\/shopwebserver.polandcentral.cloudapp.azure.com\/wp-content\/uploads\/2020\/11\/se_logo.png","contentUrl":"http:\/\/shopwebserver.polandcentral.cloudapp.azure.com\/wp-content\/uploads\/2020\/11\/se_logo.png","width":1000,"height":1000,"caption":"Semmelweis Egyetem"},"image":{"@id":"http:\/\/shopwebserver.polandcentral.cloudapp.azure.com\/#\/schema\/logo\/image\/"},"sameAs":["https:\/\/www.facebook.com\/semmelweisegyetem"]}]}},"_links":{"self":[{"href":"https:\/\/www.semmelweisshop.hu\/en\/wp-json\/wp\/v2\/pages\/9190","targetHints":{"allow":["GET"]}}],"collection":[{"href":"https:\/\/www.semmelweisshop.hu\/en\/wp-json\/wp\/v2\/pages"}],"about":[{"href":"https:\/\/www.semmelweisshop.hu\/en\/wp-json\/wp\/v2\/types\/page"}],"author":[{"embeddable":true,"href":"https:\/\/www.semmelweisshop.hu\/en\/wp-json\/wp\/v2\/users\/1"}],"replies":[{"embeddable":true,"href":"https:\/\/www.semmelweisshop.hu\/en\/wp-json\/wp\/v2\/comments?post=9190"}],"version-history":[{"count":2,"href":"https:\/\/www.semmelweisshop.hu\/en\/wp-json\/wp\/v2\/pages\/9190\/revisions"}],"predecessor-version":[{"id":26278,"href":"https:\/\/www.semmelweisshop.hu\/en\/wp-json\/wp\/v2\/pages\/9190\/revisions\/26278"}],"wp:attachment":[{"href":"https:\/\/www.semmelweisshop.hu\/en\/wp-json\/wp\/v2\/media?parent=9190"}],"curies":[{"name":"wp","href":"https:\/\/api.w.org\/{rel}","templated":true}]}}