{"id":18041,"date":"2021-11-25T19:48:55","date_gmt":"2021-11-26T13:46:14","guid":{"rendered":"https:\/\/www.semmelweisshop.hu\/?post_type=product&#038;p=18041"},"modified":"2026-04-29T22:31:58","modified_gmt":"2026-04-29T20:31:58","slug":"ferfi-himzett-pulover","status":"publish","type":"product","link":"https:\/\/www.semmelweisshop.hu\/en\/product\/ferfi-himzett-pulover\/","title":{"rendered":"Men&#8217;s embroidered hoodie"},"content":{"rendered":"<p>Men&#8217;s hooded sweatshirt with ribbed sleeve and bottom with kangaroo pockets.<\/p>\n<p>Materials: 80% cotton and 20% polyester<\/p>\n<p><strong>The product is available for pre-order, so it is made to order.<br \/>\nDue to the product is personalized, it is not possible to exchange or return it!<br \/>\n<\/strong><\/p>\n<p>Sweaters are available in 5 colours and with optional embroidery (logo and colour).<\/p>\n<p>Available sweater and embroidery colors:<\/p>\n<ul>\n<li>Navy blue sweater with gold, white and blue embroidery,<\/li>\n<li>Burgundy sweater with gold, white and light burgundy embroidery,<\/li>\n<li>Black sweater with gold, white and blue embroidery,<\/li>\n<li>White sweater with gold, black and navy blue embroidery,<\/li>\n<li>Gray sweater with gold, black and white embroidery.<\/li>\n<\/ul>\n<p>The average time for orders is typically <strong>10-15 working days<\/strong>. Customers will be informed of receipt of their order by e-mail.<\/p>\n","protected":false},"excerpt":{"rendered":"<p><strong>Pre-ordered product<\/strong><\/p>\n","protected":false},"featured_media":17603,"comment_status":"open","ping_status":"closed","template":"","meta":[],"product_brand":[],"product_cat":[188,147,172],"product_tag":[164,166,689],"class_list":{"0":"post-18041","1":"product","2":"type-product","3":"status-publish","4":"has-post-thumbnail","6":"product_cat-all","7":"product_cat-mens","8":"product_cat-sweaters-and-more","9":"product_tag-english-subtitle","10":"product_tag-hungarian-subtitle","11":"product_tag-nemet-felirat-en","13":"first","14":"onbackorder","15":"taxable","16":"shipping-taxable","17":"purchasable","18":"product-type-variable"},"etheme_brands":{"errors":{"invalid_taxonomy":["Invalid taxonomy."]},"error_data":[]},"yoast_head":"<!-- This site is optimized with the Yoast SEO plugin v27.4 - https:\/\/yoast.com\/product\/yoast-seo-wordpress\/ -->\n<title>Men&#039;s embroidered hoodie - Semmelweis Shop<\/title>\n<meta name=\"robots\" content=\"index, follow, max-snippet:-1, max-image-preview:large, max-video-preview:-1\" \/>\n<link rel=\"canonical\" href=\"https:\/\/www.semmelweisshop.hu\/en\/product\/ferfi-himzett-pulover\/\" \/>\n<meta property=\"og:locale\" content=\"en_US\" \/>\n<meta property=\"og:type\" content=\"article\" \/>\n<meta property=\"og:title\" content=\"Men&#039;s embroidered hoodie - Semmelweis Shop\" \/>\n<meta property=\"og:description\" content=\"Pre-ordered product\" \/>\n<meta property=\"og:url\" content=\"https:\/\/www.semmelweisshop.hu\/en\/product\/ferfi-himzett-pulover\/\" \/>\n<meta property=\"og:site_name\" content=\"Semmelweis Shop\" \/>\n<meta property=\"article:publisher\" content=\"https:\/\/www.facebook.com\/semmelweisegyetem\" \/>\n<meta property=\"article:modified_time\" content=\"2026-04-29T20:31:58+00:00\" \/>\n<meta property=\"og:image\" content=\"https:\/\/www.semmelweisshop.hu\/wp-content\/uploads\/2021\/11\/HU_ferfi_navy_available_colors.png\" \/>\n\t<meta property=\"og:image:width\" content=\"1385\" \/>\n\t<meta property=\"og:image:height\" content=\"1385\" \/>\n\t<meta property=\"og:image:type\" content=\"image\/png\" \/>\n<meta name=\"twitter:card\" content=\"summary_large_image\" \/>\n<meta name=\"twitter:label1\" content=\"Est. reading time\" \/>\n\t<meta name=\"twitter:data1\" content=\"1 minute\" \/>\n<script type=\"application\/ld+json\" class=\"yoast-schema-graph\">{\"@context\":\"https:\\\/\\\/schema.org\",\"@graph\":[{\"@type\":\"WebPage\",\"@id\":\"https:\\\/\\\/www.semmelweisshop.hu\\\/en\\\/product\\\/ferfi-himzett-pulover\\\/\",\"url\":\"https:\\\/\\\/www.semmelweisshop.hu\\\/en\\\/product\\\/ferfi-himzett-pulover\\\/\",\"name\":\"Men's embroidered hoodie - Semmelweis Shop\",\"isPartOf\":{\"@id\":\"http:\\\/\\\/shopwebserver.polandcentral.cloudapp.azure.com\\\/#website\"},\"primaryImageOfPage\":{\"@id\":\"https:\\\/\\\/www.semmelweisshop.hu\\\/en\\\/product\\\/ferfi-himzett-pulover\\\/#primaryimage\"},\"image\":{\"@id\":\"https:\\\/\\\/www.semmelweisshop.hu\\\/en\\\/product\\\/ferfi-himzett-pulover\\\/#primaryimage\"},\"thumbnailUrl\":\"https:\\\/\\\/www.semmelweisshop.hu\\\/wp-content\\\/uploads\\\/2021\\\/11\\\/HU_ferfi_navy_available_colors.png\",\"datePublished\":\"2021-11-26T13:46:14+00:00\",\"dateModified\":\"2026-04-29T20:31:58+00:00\",\"breadcrumb\":{\"@id\":\"https:\\\/\\\/www.semmelweisshop.hu\\\/en\\\/product\\\/ferfi-himzett-pulover\\\/#breadcrumb\"},\"inLanguage\":\"en-US\",\"potentialAction\":[{\"@type\":\"ReadAction\",\"target\":[\"https:\\\/\\\/www.semmelweisshop.hu\\\/en\\\/product\\\/ferfi-himzett-pulover\\\/\"]}]},{\"@type\":\"ImageObject\",\"inLanguage\":\"en-US\",\"@id\":\"https:\\\/\\\/www.semmelweisshop.hu\\\/en\\\/product\\\/ferfi-himzett-pulover\\\/#primaryimage\",\"url\":\"https:\\\/\\\/www.semmelweisshop.hu\\\/wp-content\\\/uploads\\\/2021\\\/11\\\/HU_ferfi_navy_available_colors.png\",\"contentUrl\":\"https:\\\/\\\/www.semmelweisshop.hu\\\/wp-content\\\/uploads\\\/2021\\\/11\\\/HU_ferfi_navy_available_colors.png\",\"width\":1385,\"height\":1385},{\"@type\":\"BreadcrumbList\",\"@id\":\"https:\\\/\\\/www.semmelweisshop.hu\\\/en\\\/product\\\/ferfi-himzett-pulover\\\/#breadcrumb\",\"itemListElement\":[{\"@type\":\"ListItem\",\"position\":1,\"name\":\"Kezd\u0151lap\",\"item\":\"https:\\\/\\\/www.semmelweisshop.hu\\\/\"},{\"@type\":\"ListItem\",\"position\":2,\"name\":\"Shop\",\"item\":\"https:\\\/\\\/www.semmelweisshop.hu\\\/en\\\/shop-2\\\/\"},{\"@type\":\"ListItem\",\"position\":3,\"name\":\"Men&#8217;s embroidered hoodie\"}]},{\"@type\":\"WebSite\",\"@id\":\"http:\\\/\\\/shopwebserver.polandcentral.cloudapp.azure.com\\\/#website\",\"url\":\"http:\\\/\\\/shopwebserver.polandcentral.cloudapp.azure.com\\\/\",\"name\":\"Semmelweis Shop\",\"description\":\"\u00dcdv\u00f6zl\u00fcnk a Semmelweis Shop oldal\u00e1n! Tal\u00e1ld meg a hozz\u00e1d ill\u0151 darabokat \u00e9s mutasd meg hova tartozol!\",\"publisher\":{\"@id\":\"http:\\\/\\\/shopwebserver.polandcentral.cloudapp.azure.com\\\/#organization\"},\"potentialAction\":[{\"@type\":\"SearchAction\",\"target\":{\"@type\":\"EntryPoint\",\"urlTemplate\":\"http:\\\/\\\/shopwebserver.polandcentral.cloudapp.azure.com\\\/?s={search_term_string}\"},\"query-input\":{\"@type\":\"PropertyValueSpecification\",\"valueRequired\":true,\"valueName\":\"search_term_string\"}}],\"inLanguage\":\"en-US\"},{\"@type\":\"Organization\",\"@id\":\"http:\\\/\\\/shopwebserver.polandcentral.cloudapp.azure.com\\\/#organization\",\"name\":\"Semmelweis Egyetem\",\"url\":\"http:\\\/\\\/shopwebserver.polandcentral.cloudapp.azure.com\\\/\",\"logo\":{\"@type\":\"ImageObject\",\"inLanguage\":\"en-US\",\"@id\":\"http:\\\/\\\/shopwebserver.polandcentral.cloudapp.azure.com\\\/#\\\/schema\\\/logo\\\/image\\\/\",\"url\":\"http:\\\/\\\/shopwebserver.polandcentral.cloudapp.azure.com\\\/wp-content\\\/uploads\\\/2020\\\/11\\\/se_logo.png\",\"contentUrl\":\"http:\\\/\\\/shopwebserver.polandcentral.cloudapp.azure.com\\\/wp-content\\\/uploads\\\/2020\\\/11\\\/se_logo.png\",\"width\":1000,\"height\":1000,\"caption\":\"Semmelweis Egyetem\"},\"image\":{\"@id\":\"http:\\\/\\\/shopwebserver.polandcentral.cloudapp.azure.com\\\/#\\\/schema\\\/logo\\\/image\\\/\"},\"sameAs\":[\"https:\\\/\\\/www.facebook.com\\\/semmelweisegyetem\"]}]}<\/script>\n<!-- \/ Yoast SEO plugin. -->","yoast_head_json":{"title":"Men's embroidered hoodie - Semmelweis Shop","robots":{"index":"index","follow":"follow","max-snippet":"max-snippet:-1","max-image-preview":"max-image-preview:large","max-video-preview":"max-video-preview:-1"},"canonical":"https:\/\/www.semmelweisshop.hu\/en\/product\/ferfi-himzett-pulover\/","og_locale":"en_US","og_type":"article","og_title":"Men's embroidered hoodie - Semmelweis Shop","og_description":"Pre-ordered product","og_url":"https:\/\/www.semmelweisshop.hu\/en\/product\/ferfi-himzett-pulover\/","og_site_name":"Semmelweis Shop","article_publisher":"https:\/\/www.facebook.com\/semmelweisegyetem","article_modified_time":"2026-04-29T20:31:58+00:00","og_image":[{"width":1385,"height":1385,"url":"https:\/\/www.semmelweisshop.hu\/wp-content\/uploads\/2021\/11\/HU_ferfi_navy_available_colors.png","type":"image\/png"}],"twitter_card":"summary_large_image","twitter_misc":{"Est. reading time":"1 minute"},"schema":{"@context":"https:\/\/schema.org","@graph":[{"@type":"WebPage","@id":"https:\/\/www.semmelweisshop.hu\/en\/product\/ferfi-himzett-pulover\/","url":"https:\/\/www.semmelweisshop.hu\/en\/product\/ferfi-himzett-pulover\/","name":"Men's embroidered hoodie - Semmelweis Shop","isPartOf":{"@id":"http:\/\/shopwebserver.polandcentral.cloudapp.azure.com\/#website"},"primaryImageOfPage":{"@id":"https:\/\/www.semmelweisshop.hu\/en\/product\/ferfi-himzett-pulover\/#primaryimage"},"image":{"@id":"https:\/\/www.semmelweisshop.hu\/en\/product\/ferfi-himzett-pulover\/#primaryimage"},"thumbnailUrl":"https:\/\/www.semmelweisshop.hu\/wp-content\/uploads\/2021\/11\/HU_ferfi_navy_available_colors.png","datePublished":"2021-11-26T13:46:14+00:00","dateModified":"2026-04-29T20:31:58+00:00","breadcrumb":{"@id":"https:\/\/www.semmelweisshop.hu\/en\/product\/ferfi-himzett-pulover\/#breadcrumb"},"inLanguage":"en-US","potentialAction":[{"@type":"ReadAction","target":["https:\/\/www.semmelweisshop.hu\/en\/product\/ferfi-himzett-pulover\/"]}]},{"@type":"ImageObject","inLanguage":"en-US","@id":"https:\/\/www.semmelweisshop.hu\/en\/product\/ferfi-himzett-pulover\/#primaryimage","url":"https:\/\/www.semmelweisshop.hu\/wp-content\/uploads\/2021\/11\/HU_ferfi_navy_available_colors.png","contentUrl":"https:\/\/www.semmelweisshop.hu\/wp-content\/uploads\/2021\/11\/HU_ferfi_navy_available_colors.png","width":1385,"height":1385},{"@type":"BreadcrumbList","@id":"https:\/\/www.semmelweisshop.hu\/en\/product\/ferfi-himzett-pulover\/#breadcrumb","itemListElement":[{"@type":"ListItem","position":1,"name":"Kezd\u0151lap","item":"https:\/\/www.semmelweisshop.hu\/"},{"@type":"ListItem","position":2,"name":"Shop","item":"https:\/\/www.semmelweisshop.hu\/en\/shop-2\/"},{"@type":"ListItem","position":3,"name":"Men&#8217;s embroidered hoodie"}]},{"@type":"WebSite","@id":"http:\/\/shopwebserver.polandcentral.cloudapp.azure.com\/#website","url":"http:\/\/shopwebserver.polandcentral.cloudapp.azure.com\/","name":"Semmelweis Shop","description":"\u00dcdv\u00f6zl\u00fcnk a Semmelweis Shop oldal\u00e1n! Tal\u00e1ld meg a hozz\u00e1d ill\u0151 darabokat \u00e9s mutasd meg hova tartozol!","publisher":{"@id":"http:\/\/shopwebserver.polandcentral.cloudapp.azure.com\/#organization"},"potentialAction":[{"@type":"SearchAction","target":{"@type":"EntryPoint","urlTemplate":"http:\/\/shopwebserver.polandcentral.cloudapp.azure.com\/?s={search_term_string}"},"query-input":{"@type":"PropertyValueSpecification","valueRequired":true,"valueName":"search_term_string"}}],"inLanguage":"en-US"},{"@type":"Organization","@id":"http:\/\/shopwebserver.polandcentral.cloudapp.azure.com\/#organization","name":"Semmelweis Egyetem","url":"http:\/\/shopwebserver.polandcentral.cloudapp.azure.com\/","logo":{"@type":"ImageObject","inLanguage":"en-US","@id":"http:\/\/shopwebserver.polandcentral.cloudapp.azure.com\/#\/schema\/logo\/image\/","url":"http:\/\/shopwebserver.polandcentral.cloudapp.azure.com\/wp-content\/uploads\/2020\/11\/se_logo.png","contentUrl":"http:\/\/shopwebserver.polandcentral.cloudapp.azure.com\/wp-content\/uploads\/2020\/11\/se_logo.png","width":1000,"height":1000,"caption":"Semmelweis Egyetem"},"image":{"@id":"http:\/\/shopwebserver.polandcentral.cloudapp.azure.com\/#\/schema\/logo\/image\/"},"sameAs":["https:\/\/www.facebook.com\/semmelweisegyetem"]}]}},"wcpa_form_fields":null,"_links":{"self":[{"href":"https:\/\/www.semmelweisshop.hu\/en\/wp-json\/wp\/v2\/product\/18041","targetHints":{"allow":["GET"]}}],"collection":[{"href":"https:\/\/www.semmelweisshop.hu\/en\/wp-json\/wp\/v2\/product"}],"about":[{"href":"https:\/\/www.semmelweisshop.hu\/en\/wp-json\/wp\/v2\/types\/product"}],"replies":[{"embeddable":true,"href":"https:\/\/www.semmelweisshop.hu\/en\/wp-json\/wp\/v2\/comments?post=18041"}],"version-history":[{"count":10,"href":"https:\/\/www.semmelweisshop.hu\/en\/wp-json\/wp\/v2\/product\/18041\/revisions"}],"predecessor-version":[{"id":22308,"href":"https:\/\/www.semmelweisshop.hu\/en\/wp-json\/wp\/v2\/product\/18041\/revisions\/22308"}],"wp:featuredmedia":[{"embeddable":true,"href":"https:\/\/www.semmelweisshop.hu\/en\/wp-json\/wp\/v2\/media\/17603"}],"wp:attachment":[{"href":"https:\/\/www.semmelweisshop.hu\/en\/wp-json\/wp\/v2\/media?parent=18041"}],"wp:term":[{"taxonomy":"product_brand","embeddable":true,"href":"https:\/\/www.semmelweisshop.hu\/en\/wp-json\/wp\/v2\/product_brand?post=18041"},{"taxonomy":"product_cat","embeddable":true,"href":"https:\/\/www.semmelweisshop.hu\/en\/wp-json\/wp\/v2\/product_cat?post=18041"},{"taxonomy":"product_tag","embeddable":true,"href":"https:\/\/www.semmelweisshop.hu\/en\/wp-json\/wp\/v2\/product_tag?post=18041"}],"curies":[{"name":"wp","href":"https:\/\/api.w.org\/{rel}","templated":true}]}}