{"id":23781,"date":"2024-04-04T14:11:17","date_gmt":"2024-04-04T12:11:17","guid":{"rendered":"https:\/\/www.semmelweisshop.hu\/product\/noi-steppelt-kabat\/"},"modified":"2026-04-30T17:02:03","modified_gmt":"2026-04-30T15:02:03","slug":"noi-steppelt-kabat","status":"publish","type":"product","link":"https:\/\/www.semmelweisshop.hu\/en\/product\/noi-steppelt-kabat\/","title":{"rendered":"Women&#8217;s Quilted Jacket"},"content":{"rendered":"<p>Women&#8217;s quilted jacket with full zip, two large front pocket, an inside pocket and embroidered print.<\/p>\n<p>Material:<\/p>\n<p>Outer: 100% Nylon<br \/>\nPadding: 100% Polyester<\/p>\n<p><strong>The product is available for pre-order, so it is made to order.<\/strong><br \/>\n<strong>Due to the product is personalized, it is not possible to exchange or return it!<\/strong><br \/>\nThe average time for orders is typically <strong>3 weeks<\/strong>. Customers will be informed of receipt of their order by e-mail.<\/p>\n","protected":false},"excerpt":{"rendered":"<p><strong>Available on pre-order<\/strong><\/p>\n","protected":false},"featured_media":23730,"comment_status":"closed","ping_status":"closed","template":"","meta":[],"product_brand":[],"product_cat":[188,676,174,149],"product_tag":[],"class_list":{"0":"post-23781","1":"product","2":"type-product","3":"status-publish","4":"has-post-thumbnail","6":"product_cat-all","7":"product_cat-new","8":"product_cat-sweaters-and-more-womens","9":"product_cat-womens","11":"first","12":"onbackorder","13":"taxable","14":"shipping-taxable","15":"purchasable","16":"product-type-variable"},"etheme_brands":{"errors":{"invalid_taxonomy":["Invalid taxonomy."]},"error_data":[]},"yoast_head":"<!-- This site is optimized with the Yoast SEO plugin v27.4 - https:\/\/yoast.com\/product\/yoast-seo-wordpress\/ -->\n<title>Women&#039;s Quilted Jacket - Semmelweis Shop<\/title>\n<meta name=\"description\" content=\"Women&#039;s quilted jacket with full zip, two large front pocket, an inside pocket and embroidered print.\" \/>\n<meta name=\"robots\" content=\"index, follow, max-snippet:-1, max-image-preview:large, max-video-preview:-1\" \/>\n<link rel=\"canonical\" href=\"https:\/\/www.semmelweisshop.hu\/en\/product\/noi-steppelt-kabat\/\" \/>\n<meta property=\"og:locale\" content=\"en_US\" \/>\n<meta property=\"og:type\" content=\"article\" \/>\n<meta property=\"og:title\" content=\"Women&#039;s Quilted Jacket - Semmelweis Shop\" \/>\n<meta property=\"og:description\" content=\"Women&#039;s quilted jacket with full zip, two large front pocket, an inside pocket and embroidered print.\" \/>\n<meta property=\"og:url\" content=\"https:\/\/www.semmelweisshop.hu\/en\/product\/noi-steppelt-kabat\/\" \/>\n<meta property=\"og:site_name\" content=\"Semmelweis Shop\" \/>\n<meta property=\"article:publisher\" content=\"https:\/\/www.facebook.com\/semmelweisegyetem\" \/>\n<meta property=\"article:modified_time\" content=\"2026-04-30T15:02:03+00:00\" \/>\n<meta property=\"og:image\" content=\"https:\/\/www.semmelweisshop.hu\/wp-content\/uploads\/2024\/03\/Steppelt_kabat_noi.jpg\" \/>\n\t<meta property=\"og:image:width\" content=\"1000\" \/>\n\t<meta property=\"og:image:height\" content=\"1000\" \/>\n\t<meta property=\"og:image:type\" content=\"image\/jpeg\" \/>\n<meta name=\"twitter:card\" content=\"summary_large_image\" \/>\n<meta name=\"twitter:label1\" content=\"Est. reading time\" \/>\n\t<meta name=\"twitter:data1\" content=\"1 minute\" \/>\n<script type=\"application\/ld+json\" class=\"yoast-schema-graph\">{\"@context\":\"https:\\\/\\\/schema.org\",\"@graph\":[{\"@type\":\"WebPage\",\"@id\":\"https:\\\/\\\/www.semmelweisshop.hu\\\/en\\\/product\\\/noi-steppelt-kabat\\\/\",\"url\":\"https:\\\/\\\/www.semmelweisshop.hu\\\/en\\\/product\\\/noi-steppelt-kabat\\\/\",\"name\":\"Women's Quilted Jacket - Semmelweis Shop\",\"isPartOf\":{\"@id\":\"http:\\\/\\\/shopwebserver.polandcentral.cloudapp.azure.com\\\/#website\"},\"primaryImageOfPage\":{\"@id\":\"https:\\\/\\\/www.semmelweisshop.hu\\\/en\\\/product\\\/noi-steppelt-kabat\\\/#primaryimage\"},\"image\":{\"@id\":\"https:\\\/\\\/www.semmelweisshop.hu\\\/en\\\/product\\\/noi-steppelt-kabat\\\/#primaryimage\"},\"thumbnailUrl\":\"https:\\\/\\\/www.semmelweisshop.hu\\\/wp-content\\\/uploads\\\/2024\\\/03\\\/Steppelt_kabat_noi.jpg\",\"datePublished\":\"2024-04-04T12:11:17+00:00\",\"dateModified\":\"2026-04-30T15:02:03+00:00\",\"description\":\"Women's quilted jacket with full zip, two large front pocket, an inside pocket and embroidered print.\",\"breadcrumb\":{\"@id\":\"https:\\\/\\\/www.semmelweisshop.hu\\\/en\\\/product\\\/noi-steppelt-kabat\\\/#breadcrumb\"},\"inLanguage\":\"en-US\",\"potentialAction\":[{\"@type\":\"ReadAction\",\"target\":[\"https:\\\/\\\/www.semmelweisshop.hu\\\/en\\\/product\\\/noi-steppelt-kabat\\\/\"]}]},{\"@type\":\"ImageObject\",\"inLanguage\":\"en-US\",\"@id\":\"https:\\\/\\\/www.semmelweisshop.hu\\\/en\\\/product\\\/noi-steppelt-kabat\\\/#primaryimage\",\"url\":\"https:\\\/\\\/www.semmelweisshop.hu\\\/wp-content\\\/uploads\\\/2024\\\/03\\\/Steppelt_kabat_noi.jpg\",\"contentUrl\":\"https:\\\/\\\/www.semmelweisshop.hu\\\/wp-content\\\/uploads\\\/2024\\\/03\\\/Steppelt_kabat_noi.jpg\",\"width\":1000,\"height\":1000,\"caption\":\"N\u0151i steppelt kab\u00e1t\"},{\"@type\":\"BreadcrumbList\",\"@id\":\"https:\\\/\\\/www.semmelweisshop.hu\\\/en\\\/product\\\/noi-steppelt-kabat\\\/#breadcrumb\",\"itemListElement\":[{\"@type\":\"ListItem\",\"position\":1,\"name\":\"Kezd\u0151lap\",\"item\":\"https:\\\/\\\/www.semmelweisshop.hu\\\/\"},{\"@type\":\"ListItem\",\"position\":2,\"name\":\"Shop\",\"item\":\"https:\\\/\\\/www.semmelweisshop.hu\\\/en\\\/shop-2\\\/\"},{\"@type\":\"ListItem\",\"position\":3,\"name\":\"Women&#8217;s Quilted Jacket\"}]},{\"@type\":\"WebSite\",\"@id\":\"http:\\\/\\\/shopwebserver.polandcentral.cloudapp.azure.com\\\/#website\",\"url\":\"http:\\\/\\\/shopwebserver.polandcentral.cloudapp.azure.com\\\/\",\"name\":\"Semmelweis Shop\",\"description\":\"\u00dcdv\u00f6zl\u00fcnk a Semmelweis Shop oldal\u00e1n! Tal\u00e1ld meg a hozz\u00e1d ill\u0151 darabokat \u00e9s mutasd meg hova tartozol!\",\"publisher\":{\"@id\":\"http:\\\/\\\/shopwebserver.polandcentral.cloudapp.azure.com\\\/#organization\"},\"potentialAction\":[{\"@type\":\"SearchAction\",\"target\":{\"@type\":\"EntryPoint\",\"urlTemplate\":\"http:\\\/\\\/shopwebserver.polandcentral.cloudapp.azure.com\\\/?s={search_term_string}\"},\"query-input\":{\"@type\":\"PropertyValueSpecification\",\"valueRequired\":true,\"valueName\":\"search_term_string\"}}],\"inLanguage\":\"en-US\"},{\"@type\":\"Organization\",\"@id\":\"http:\\\/\\\/shopwebserver.polandcentral.cloudapp.azure.com\\\/#organization\",\"name\":\"Semmelweis Egyetem\",\"url\":\"http:\\\/\\\/shopwebserver.polandcentral.cloudapp.azure.com\\\/\",\"logo\":{\"@type\":\"ImageObject\",\"inLanguage\":\"en-US\",\"@id\":\"http:\\\/\\\/shopwebserver.polandcentral.cloudapp.azure.com\\\/#\\\/schema\\\/logo\\\/image\\\/\",\"url\":\"http:\\\/\\\/shopwebserver.polandcentral.cloudapp.azure.com\\\/wp-content\\\/uploads\\\/2020\\\/11\\\/se_logo.png\",\"contentUrl\":\"http:\\\/\\\/shopwebserver.polandcentral.cloudapp.azure.com\\\/wp-content\\\/uploads\\\/2020\\\/11\\\/se_logo.png\",\"width\":1000,\"height\":1000,\"caption\":\"Semmelweis Egyetem\"},\"image\":{\"@id\":\"http:\\\/\\\/shopwebserver.polandcentral.cloudapp.azure.com\\\/#\\\/schema\\\/logo\\\/image\\\/\"},\"sameAs\":[\"https:\\\/\\\/www.facebook.com\\\/semmelweisegyetem\"]}]}<\/script>\n<!-- \/ Yoast SEO plugin. -->","yoast_head_json":{"title":"Women's Quilted Jacket - Semmelweis Shop","description":"Women's quilted jacket with full zip, two large front pocket, an inside pocket and embroidered print.","robots":{"index":"index","follow":"follow","max-snippet":"max-snippet:-1","max-image-preview":"max-image-preview:large","max-video-preview":"max-video-preview:-1"},"canonical":"https:\/\/www.semmelweisshop.hu\/en\/product\/noi-steppelt-kabat\/","og_locale":"en_US","og_type":"article","og_title":"Women's Quilted Jacket - Semmelweis Shop","og_description":"Women's quilted jacket with full zip, two large front pocket, an inside pocket and embroidered print.","og_url":"https:\/\/www.semmelweisshop.hu\/en\/product\/noi-steppelt-kabat\/","og_site_name":"Semmelweis Shop","article_publisher":"https:\/\/www.facebook.com\/semmelweisegyetem","article_modified_time":"2026-04-30T15:02:03+00:00","og_image":[{"width":1000,"height":1000,"url":"https:\/\/www.semmelweisshop.hu\/wp-content\/uploads\/2024\/03\/Steppelt_kabat_noi.jpg","type":"image\/jpeg"}],"twitter_card":"summary_large_image","twitter_misc":{"Est. reading time":"1 minute"},"schema":{"@context":"https:\/\/schema.org","@graph":[{"@type":"WebPage","@id":"https:\/\/www.semmelweisshop.hu\/en\/product\/noi-steppelt-kabat\/","url":"https:\/\/www.semmelweisshop.hu\/en\/product\/noi-steppelt-kabat\/","name":"Women's Quilted Jacket - Semmelweis Shop","isPartOf":{"@id":"http:\/\/shopwebserver.polandcentral.cloudapp.azure.com\/#website"},"primaryImageOfPage":{"@id":"https:\/\/www.semmelweisshop.hu\/en\/product\/noi-steppelt-kabat\/#primaryimage"},"image":{"@id":"https:\/\/www.semmelweisshop.hu\/en\/product\/noi-steppelt-kabat\/#primaryimage"},"thumbnailUrl":"https:\/\/www.semmelweisshop.hu\/wp-content\/uploads\/2024\/03\/Steppelt_kabat_noi.jpg","datePublished":"2024-04-04T12:11:17+00:00","dateModified":"2026-04-30T15:02:03+00:00","description":"Women's quilted jacket with full zip, two large front pocket, an inside pocket and embroidered print.","breadcrumb":{"@id":"https:\/\/www.semmelweisshop.hu\/en\/product\/noi-steppelt-kabat\/#breadcrumb"},"inLanguage":"en-US","potentialAction":[{"@type":"ReadAction","target":["https:\/\/www.semmelweisshop.hu\/en\/product\/noi-steppelt-kabat\/"]}]},{"@type":"ImageObject","inLanguage":"en-US","@id":"https:\/\/www.semmelweisshop.hu\/en\/product\/noi-steppelt-kabat\/#primaryimage","url":"https:\/\/www.semmelweisshop.hu\/wp-content\/uploads\/2024\/03\/Steppelt_kabat_noi.jpg","contentUrl":"https:\/\/www.semmelweisshop.hu\/wp-content\/uploads\/2024\/03\/Steppelt_kabat_noi.jpg","width":1000,"height":1000,"caption":"N\u0151i steppelt kab\u00e1t"},{"@type":"BreadcrumbList","@id":"https:\/\/www.semmelweisshop.hu\/en\/product\/noi-steppelt-kabat\/#breadcrumb","itemListElement":[{"@type":"ListItem","position":1,"name":"Kezd\u0151lap","item":"https:\/\/www.semmelweisshop.hu\/"},{"@type":"ListItem","position":2,"name":"Shop","item":"https:\/\/www.semmelweisshop.hu\/en\/shop-2\/"},{"@type":"ListItem","position":3,"name":"Women&#8217;s Quilted Jacket"}]},{"@type":"WebSite","@id":"http:\/\/shopwebserver.polandcentral.cloudapp.azure.com\/#website","url":"http:\/\/shopwebserver.polandcentral.cloudapp.azure.com\/","name":"Semmelweis Shop","description":"\u00dcdv\u00f6zl\u00fcnk a Semmelweis Shop oldal\u00e1n! Tal\u00e1ld meg a hozz\u00e1d ill\u0151 darabokat \u00e9s mutasd meg hova tartozol!","publisher":{"@id":"http:\/\/shopwebserver.polandcentral.cloudapp.azure.com\/#organization"},"potentialAction":[{"@type":"SearchAction","target":{"@type":"EntryPoint","urlTemplate":"http:\/\/shopwebserver.polandcentral.cloudapp.azure.com\/?s={search_term_string}"},"query-input":{"@type":"PropertyValueSpecification","valueRequired":true,"valueName":"search_term_string"}}],"inLanguage":"en-US"},{"@type":"Organization","@id":"http:\/\/shopwebserver.polandcentral.cloudapp.azure.com\/#organization","name":"Semmelweis Egyetem","url":"http:\/\/shopwebserver.polandcentral.cloudapp.azure.com\/","logo":{"@type":"ImageObject","inLanguage":"en-US","@id":"http:\/\/shopwebserver.polandcentral.cloudapp.azure.com\/#\/schema\/logo\/image\/","url":"http:\/\/shopwebserver.polandcentral.cloudapp.azure.com\/wp-content\/uploads\/2020\/11\/se_logo.png","contentUrl":"http:\/\/shopwebserver.polandcentral.cloudapp.azure.com\/wp-content\/uploads\/2020\/11\/se_logo.png","width":1000,"height":1000,"caption":"Semmelweis Egyetem"},"image":{"@id":"http:\/\/shopwebserver.polandcentral.cloudapp.azure.com\/#\/schema\/logo\/image\/"},"sameAs":["https:\/\/www.facebook.com\/semmelweisegyetem"]}]}},"wcpa_form_fields":null,"_links":{"self":[{"href":"https:\/\/www.semmelweisshop.hu\/en\/wp-json\/wp\/v2\/product\/23781","targetHints":{"allow":["GET"]}}],"collection":[{"href":"https:\/\/www.semmelweisshop.hu\/en\/wp-json\/wp\/v2\/product"}],"about":[{"href":"https:\/\/www.semmelweisshop.hu\/en\/wp-json\/wp\/v2\/types\/product"}],"replies":[{"embeddable":true,"href":"https:\/\/www.semmelweisshop.hu\/en\/wp-json\/wp\/v2\/comments?post=23781"}],"version-history":[{"count":2,"href":"https:\/\/www.semmelweisshop.hu\/en\/wp-json\/wp\/v2\/product\/23781\/revisions"}],"predecessor-version":[{"id":23787,"href":"https:\/\/www.semmelweisshop.hu\/en\/wp-json\/wp\/v2\/product\/23781\/revisions\/23787"}],"wp:featuredmedia":[{"embeddable":true,"href":"https:\/\/www.semmelweisshop.hu\/en\/wp-json\/wp\/v2\/media\/23730"}],"wp:attachment":[{"href":"https:\/\/www.semmelweisshop.hu\/en\/wp-json\/wp\/v2\/media?parent=23781"}],"wp:term":[{"taxonomy":"product_brand","embeddable":true,"href":"https:\/\/www.semmelweisshop.hu\/en\/wp-json\/wp\/v2\/product_brand?post=23781"},{"taxonomy":"product_cat","embeddable":true,"href":"https:\/\/www.semmelweisshop.hu\/en\/wp-json\/wp\/v2\/product_cat?post=23781"},{"taxonomy":"product_tag","embeddable":true,"href":"https:\/\/www.semmelweisshop.hu\/en\/wp-json\/wp\/v2\/product_tag?post=23781"}],"curies":[{"name":"wp","href":"https:\/\/api.w.org\/{rel}","templated":true}]}}