{"id":8412,"date":"2020-08-10T09:40:54","date_gmt":"2020-08-18T22:52:04","guid":{"rendered":"https:\/\/www.semmelweisshop.hu\/?post_type=product&#038;p=8412"},"modified":"2026-04-17T10:14:06","modified_gmt":"2026-04-17T08:14:06","slug":"womens-hooded-sweater-with-english-print","status":"publish","type":"product","link":"https:\/\/www.semmelweisshop.hu\/en\/product\/womens-hooded-sweater-with-english-print\/","title":{"rendered":"Women&#8217;s hooded sweater"},"content":{"rendered":"<p>Women&#8217;s hooded sweater with ribbed neckline, cuffs and waist, kangaroo pocket and English print.<\/p>\n<p>80% cotton, 20% polyester<\/p>\n","protected":false},"excerpt":{"rendered":"<p>Women&#8217;s hooded sweater with ribbed neckline, cuffs and waist, kangaroo pocket and English print. 80% cotton, 20% polyester<\/p>\n","protected":false},"featured_media":9783,"comment_status":"open","ping_status":"closed","template":"","meta":[],"product_brand":[],"product_cat":[188,751,174,149],"product_tag":[164],"class_list":{"0":"post-8412","1":"product","2":"type-product","3":"status-publish","4":"has-post-thumbnail","6":"product_cat-all","7":"product_cat-perfect-semmelweis-gift","8":"product_cat-sweaters-and-more-womens","9":"product_cat-womens","10":"product_tag-english-subtitle","12":"first","13":"instock","14":"taxable","15":"shipping-taxable","16":"purchasable","17":"product-type-variable","18":"has-default-attributes"},"etheme_brands":{"errors":{"invalid_taxonomy":["Invalid taxonomy."]},"error_data":[]},"yoast_head":"<!-- This site is optimized with the Yoast SEO plugin v27.3 - https:\/\/yoast.com\/product\/yoast-seo-wordpress\/ -->\n<title>Women&#039;s hooded sweater - Semmelweis Shop<\/title>\n<meta name=\"robots\" content=\"index, follow, max-snippet:-1, max-image-preview:large, max-video-preview:-1\" \/>\n<link rel=\"canonical\" href=\"https:\/\/www.semmelweisshop.hu\/en\/product\/womens-hooded-sweater-with-english-print\/\" \/>\n<meta property=\"og:locale\" content=\"en_US\" \/>\n<meta property=\"og:type\" content=\"article\" \/>\n<meta property=\"og:title\" content=\"Women&#039;s hooded sweater - Semmelweis Shop\" \/>\n<meta property=\"og:description\" content=\"Women&#8217;s hooded sweater with ribbed neckline, cuffs and waist, kangaroo pocket and English print. 80% cotton, 20% polyester\" \/>\n<meta property=\"og:url\" content=\"https:\/\/www.semmelweisshop.hu\/en\/product\/womens-hooded-sweater-with-english-print\/\" \/>\n<meta property=\"og:site_name\" content=\"Semmelweis Shop\" \/>\n<meta property=\"article:publisher\" content=\"https:\/\/www.facebook.com\/semmelweisegyetem\" \/>\n<meta property=\"article:modified_time\" content=\"2026-04-17T08:14:06+00:00\" \/>\n<meta property=\"og:image\" content=\"https:\/\/www.semmelweisshop.hu\/wp-content\/uploads\/2020\/08\/sportos_hoodie_burgundy_ENG-1.jpg\" \/>\n\t<meta property=\"og:image:width\" content=\"750\" \/>\n\t<meta property=\"og:image:height\" content=\"750\" \/>\n\t<meta property=\"og:image:type\" content=\"image\/jpeg\" \/>\n<meta name=\"twitter:card\" content=\"summary_large_image\" \/>\n<script type=\"application\/ld+json\" class=\"yoast-schema-graph\">{\"@context\":\"https:\\\/\\\/schema.org\",\"@graph\":[{\"@type\":\"WebPage\",\"@id\":\"https:\\\/\\\/www.semmelweisshop.hu\\\/en\\\/product\\\/womens-hooded-sweater-with-english-print\\\/\",\"url\":\"https:\\\/\\\/www.semmelweisshop.hu\\\/en\\\/product\\\/womens-hooded-sweater-with-english-print\\\/\",\"name\":\"Women's hooded sweater - Semmelweis Shop\",\"isPartOf\":{\"@id\":\"http:\\\/\\\/shopwebserver.polandcentral.cloudapp.azure.com\\\/#website\"},\"primaryImageOfPage\":{\"@id\":\"https:\\\/\\\/www.semmelweisshop.hu\\\/en\\\/product\\\/womens-hooded-sweater-with-english-print\\\/#primaryimage\"},\"image\":{\"@id\":\"https:\\\/\\\/www.semmelweisshop.hu\\\/en\\\/product\\\/womens-hooded-sweater-with-english-print\\\/#primaryimage\"},\"thumbnailUrl\":\"https:\\\/\\\/www.semmelweisshop.hu\\\/wp-content\\\/uploads\\\/2020\\\/08\\\/sportos_hoodie_burgundy_ENG-1.jpg\",\"datePublished\":\"2020-08-18T22:52:04+00:00\",\"dateModified\":\"2026-04-17T08:14:06+00:00\",\"breadcrumb\":{\"@id\":\"https:\\\/\\\/www.semmelweisshop.hu\\\/en\\\/product\\\/womens-hooded-sweater-with-english-print\\\/#breadcrumb\"},\"inLanguage\":\"en-US\",\"potentialAction\":[{\"@type\":\"ReadAction\",\"target\":[\"https:\\\/\\\/www.semmelweisshop.hu\\\/en\\\/product\\\/womens-hooded-sweater-with-english-print\\\/\"]}]},{\"@type\":\"ImageObject\",\"inLanguage\":\"en-US\",\"@id\":\"https:\\\/\\\/www.semmelweisshop.hu\\\/en\\\/product\\\/womens-hooded-sweater-with-english-print\\\/#primaryimage\",\"url\":\"https:\\\/\\\/www.semmelweisshop.hu\\\/wp-content\\\/uploads\\\/2020\\\/08\\\/sportos_hoodie_burgundy_ENG-1.jpg\",\"contentUrl\":\"https:\\\/\\\/www.semmelweisshop.hu\\\/wp-content\\\/uploads\\\/2020\\\/08\\\/sportos_hoodie_burgundy_ENG-1.jpg\",\"width\":750,\"height\":750},{\"@type\":\"BreadcrumbList\",\"@id\":\"https:\\\/\\\/www.semmelweisshop.hu\\\/en\\\/product\\\/womens-hooded-sweater-with-english-print\\\/#breadcrumb\",\"itemListElement\":[{\"@type\":\"ListItem\",\"position\":1,\"name\":\"Kezd\u0151lap\",\"item\":\"https:\\\/\\\/www.semmelweisshop.hu\\\/\"},{\"@type\":\"ListItem\",\"position\":2,\"name\":\"Shop\",\"item\":\"https:\\\/\\\/www.semmelweisshop.hu\\\/en\\\/shop-2\\\/\"},{\"@type\":\"ListItem\",\"position\":3,\"name\":\"Women&#8217;s hooded sweater\"}]},{\"@type\":\"WebSite\",\"@id\":\"http:\\\/\\\/shopwebserver.polandcentral.cloudapp.azure.com\\\/#website\",\"url\":\"http:\\\/\\\/shopwebserver.polandcentral.cloudapp.azure.com\\\/\",\"name\":\"Semmelweis Shop\",\"description\":\"\u00dcdv\u00f6zl\u00fcnk a Semmelweis Shop oldal\u00e1n! Tal\u00e1ld meg a hozz\u00e1d ill\u0151 darabokat \u00e9s mutasd meg hova tartozol!\",\"publisher\":{\"@id\":\"http:\\\/\\\/shopwebserver.polandcentral.cloudapp.azure.com\\\/#organization\"},\"potentialAction\":[{\"@type\":\"SearchAction\",\"target\":{\"@type\":\"EntryPoint\",\"urlTemplate\":\"http:\\\/\\\/shopwebserver.polandcentral.cloudapp.azure.com\\\/?s={search_term_string}\"},\"query-input\":{\"@type\":\"PropertyValueSpecification\",\"valueRequired\":true,\"valueName\":\"search_term_string\"}}],\"inLanguage\":\"en-US\"},{\"@type\":\"Organization\",\"@id\":\"http:\\\/\\\/shopwebserver.polandcentral.cloudapp.azure.com\\\/#organization\",\"name\":\"Semmelweis Egyetem\",\"url\":\"http:\\\/\\\/shopwebserver.polandcentral.cloudapp.azure.com\\\/\",\"logo\":{\"@type\":\"ImageObject\",\"inLanguage\":\"en-US\",\"@id\":\"http:\\\/\\\/shopwebserver.polandcentral.cloudapp.azure.com\\\/#\\\/schema\\\/logo\\\/image\\\/\",\"url\":\"http:\\\/\\\/shopwebserver.polandcentral.cloudapp.azure.com\\\/wp-content\\\/uploads\\\/2020\\\/11\\\/se_logo.png\",\"contentUrl\":\"http:\\\/\\\/shopwebserver.polandcentral.cloudapp.azure.com\\\/wp-content\\\/uploads\\\/2020\\\/11\\\/se_logo.png\",\"width\":1000,\"height\":1000,\"caption\":\"Semmelweis Egyetem\"},\"image\":{\"@id\":\"http:\\\/\\\/shopwebserver.polandcentral.cloudapp.azure.com\\\/#\\\/schema\\\/logo\\\/image\\\/\"},\"sameAs\":[\"https:\\\/\\\/www.facebook.com\\\/semmelweisegyetem\"]}]}<\/script>\n<!-- \/ Yoast SEO plugin. -->","yoast_head_json":{"title":"Women's hooded sweater - Semmelweis Shop","robots":{"index":"index","follow":"follow","max-snippet":"max-snippet:-1","max-image-preview":"max-image-preview:large","max-video-preview":"max-video-preview:-1"},"canonical":"https:\/\/www.semmelweisshop.hu\/en\/product\/womens-hooded-sweater-with-english-print\/","og_locale":"en_US","og_type":"article","og_title":"Women's hooded sweater - Semmelweis Shop","og_description":"Women&#8217;s hooded sweater with ribbed neckline, cuffs and waist, kangaroo pocket and English print. 80% cotton, 20% polyester","og_url":"https:\/\/www.semmelweisshop.hu\/en\/product\/womens-hooded-sweater-with-english-print\/","og_site_name":"Semmelweis Shop","article_publisher":"https:\/\/www.facebook.com\/semmelweisegyetem","article_modified_time":"2026-04-17T08:14:06+00:00","og_image":[{"width":750,"height":750,"url":"https:\/\/www.semmelweisshop.hu\/wp-content\/uploads\/2020\/08\/sportos_hoodie_burgundy_ENG-1.jpg","type":"image\/jpeg"}],"twitter_card":"summary_large_image","schema":{"@context":"https:\/\/schema.org","@graph":[{"@type":"WebPage","@id":"https:\/\/www.semmelweisshop.hu\/en\/product\/womens-hooded-sweater-with-english-print\/","url":"https:\/\/www.semmelweisshop.hu\/en\/product\/womens-hooded-sweater-with-english-print\/","name":"Women's hooded sweater - Semmelweis Shop","isPartOf":{"@id":"http:\/\/shopwebserver.polandcentral.cloudapp.azure.com\/#website"},"primaryImageOfPage":{"@id":"https:\/\/www.semmelweisshop.hu\/en\/product\/womens-hooded-sweater-with-english-print\/#primaryimage"},"image":{"@id":"https:\/\/www.semmelweisshop.hu\/en\/product\/womens-hooded-sweater-with-english-print\/#primaryimage"},"thumbnailUrl":"https:\/\/www.semmelweisshop.hu\/wp-content\/uploads\/2020\/08\/sportos_hoodie_burgundy_ENG-1.jpg","datePublished":"2020-08-18T22:52:04+00:00","dateModified":"2026-04-17T08:14:06+00:00","breadcrumb":{"@id":"https:\/\/www.semmelweisshop.hu\/en\/product\/womens-hooded-sweater-with-english-print\/#breadcrumb"},"inLanguage":"en-US","potentialAction":[{"@type":"ReadAction","target":["https:\/\/www.semmelweisshop.hu\/en\/product\/womens-hooded-sweater-with-english-print\/"]}]},{"@type":"ImageObject","inLanguage":"en-US","@id":"https:\/\/www.semmelweisshop.hu\/en\/product\/womens-hooded-sweater-with-english-print\/#primaryimage","url":"https:\/\/www.semmelweisshop.hu\/wp-content\/uploads\/2020\/08\/sportos_hoodie_burgundy_ENG-1.jpg","contentUrl":"https:\/\/www.semmelweisshop.hu\/wp-content\/uploads\/2020\/08\/sportos_hoodie_burgundy_ENG-1.jpg","width":750,"height":750},{"@type":"BreadcrumbList","@id":"https:\/\/www.semmelweisshop.hu\/en\/product\/womens-hooded-sweater-with-english-print\/#breadcrumb","itemListElement":[{"@type":"ListItem","position":1,"name":"Kezd\u0151lap","item":"https:\/\/www.semmelweisshop.hu\/"},{"@type":"ListItem","position":2,"name":"Shop","item":"https:\/\/www.semmelweisshop.hu\/en\/shop-2\/"},{"@type":"ListItem","position":3,"name":"Women&#8217;s hooded sweater"}]},{"@type":"WebSite","@id":"http:\/\/shopwebserver.polandcentral.cloudapp.azure.com\/#website","url":"http:\/\/shopwebserver.polandcentral.cloudapp.azure.com\/","name":"Semmelweis Shop","description":"\u00dcdv\u00f6zl\u00fcnk a Semmelweis Shop oldal\u00e1n! Tal\u00e1ld meg a hozz\u00e1d ill\u0151 darabokat \u00e9s mutasd meg hova tartozol!","publisher":{"@id":"http:\/\/shopwebserver.polandcentral.cloudapp.azure.com\/#organization"},"potentialAction":[{"@type":"SearchAction","target":{"@type":"EntryPoint","urlTemplate":"http:\/\/shopwebserver.polandcentral.cloudapp.azure.com\/?s={search_term_string}"},"query-input":{"@type":"PropertyValueSpecification","valueRequired":true,"valueName":"search_term_string"}}],"inLanguage":"en-US"},{"@type":"Organization","@id":"http:\/\/shopwebserver.polandcentral.cloudapp.azure.com\/#organization","name":"Semmelweis Egyetem","url":"http:\/\/shopwebserver.polandcentral.cloudapp.azure.com\/","logo":{"@type":"ImageObject","inLanguage":"en-US","@id":"http:\/\/shopwebserver.polandcentral.cloudapp.azure.com\/#\/schema\/logo\/image\/","url":"http:\/\/shopwebserver.polandcentral.cloudapp.azure.com\/wp-content\/uploads\/2020\/11\/se_logo.png","contentUrl":"http:\/\/shopwebserver.polandcentral.cloudapp.azure.com\/wp-content\/uploads\/2020\/11\/se_logo.png","width":1000,"height":1000,"caption":"Semmelweis Egyetem"},"image":{"@id":"http:\/\/shopwebserver.polandcentral.cloudapp.azure.com\/#\/schema\/logo\/image\/"},"sameAs":["https:\/\/www.facebook.com\/semmelweisegyetem"]}]}},"wcpa_form_fields":null,"_links":{"self":[{"href":"https:\/\/www.semmelweisshop.hu\/en\/wp-json\/wp\/v2\/product\/8412","targetHints":{"allow":["GET"]}}],"collection":[{"href":"https:\/\/www.semmelweisshop.hu\/en\/wp-json\/wp\/v2\/product"}],"about":[{"href":"https:\/\/www.semmelweisshop.hu\/en\/wp-json\/wp\/v2\/types\/product"}],"replies":[{"embeddable":true,"href":"https:\/\/www.semmelweisshop.hu\/en\/wp-json\/wp\/v2\/comments?post=8412"}],"version-history":[{"count":1,"href":"https:\/\/www.semmelweisshop.hu\/en\/wp-json\/wp\/v2\/product\/8412\/revisions"}],"predecessor-version":[{"id":10052,"href":"https:\/\/www.semmelweisshop.hu\/en\/wp-json\/wp\/v2\/product\/8412\/revisions\/10052"}],"wp:featuredmedia":[{"embeddable":true,"href":"https:\/\/www.semmelweisshop.hu\/en\/wp-json\/wp\/v2\/media\/9783"}],"wp:attachment":[{"href":"https:\/\/www.semmelweisshop.hu\/en\/wp-json\/wp\/v2\/media?parent=8412"}],"wp:term":[{"taxonomy":"product_brand","embeddable":true,"href":"https:\/\/www.semmelweisshop.hu\/en\/wp-json\/wp\/v2\/product_brand?post=8412"},{"taxonomy":"product_cat","embeddable":true,"href":"https:\/\/www.semmelweisshop.hu\/en\/wp-json\/wp\/v2\/product_cat?post=8412"},{"taxonomy":"product_tag","embeddable":true,"href":"https:\/\/www.semmelweisshop.hu\/en\/wp-json\/wp\/v2\/product_tag?post=8412"}],"curies":[{"name":"wp","href":"https:\/\/api.w.org\/{rel}","templated":true}]}}