{"id":8765,"date":"2020-08-10T13:38:40","date_gmt":"2020-08-18T23:11:41","guid":{"rendered":"https:\/\/www.semmelweisshop.hu\/?post_type=product&#038;p=8765"},"modified":"2026-04-16T16:32:08","modified_gmt":"2026-04-16T14:32:08","slug":"short-sleeved-womens-t-shirt-with-hungarian-print","status":"publish","type":"product","link":"https:\/\/www.semmelweisshop.hu\/en\/product\/short-sleeved-womens-t-shirt-with-hungarian-print\/","title":{"rendered":"Short-sleeved women&#8217;s t-shirt"},"content":{"rendered":"<p>Slim fit, short sleeved women&#8217;s t-shirt with ribbed, reinforced neckline and Hungarian print.<\/p>\n<p>100% cotton<\/p>\n","protected":false},"excerpt":{"rendered":"<p>Slim fit, short sleeved women&#8217;s t-shirt with ribbed, reinforced neckline and Hungarian print. 100% cotton<\/p>\n","protected":false},"featured_media":9856,"comment_status":"open","ping_status":"closed","template":"","meta":[],"product_brand":[],"product_cat":[188,168,149],"product_tag":[166],"class_list":{"0":"post-8765","1":"product","2":"type-product","3":"status-publish","4":"has-post-thumbnail","6":"product_cat-all","7":"product_cat-t-shirts","8":"product_cat-womens","9":"product_tag-hungarian-subtitle","11":"first","12":"instock","13":"taxable","14":"shipping-taxable","15":"purchasable","16":"product-type-variable","17":"has-default-attributes"},"etheme_brands":{"errors":{"invalid_taxonomy":["Invalid taxonomy."]},"error_data":[]},"yoast_head":"<!-- This site is optimized with the Yoast SEO plugin v27.3 - https:\/\/yoast.com\/product\/yoast-seo-wordpress\/ -->\n<title>Short-sleeved women&#039;s t-shirt - Semmelweis Shop<\/title>\n<meta name=\"robots\" content=\"index, follow, max-snippet:-1, max-image-preview:large, max-video-preview:-1\" \/>\n<link rel=\"canonical\" href=\"https:\/\/www.semmelweisshop.hu\/en\/product\/short-sleeved-womens-t-shirt-with-hungarian-print\/\" \/>\n<meta property=\"og:locale\" content=\"en_US\" \/>\n<meta property=\"og:type\" content=\"article\" \/>\n<meta property=\"og:title\" content=\"Short-sleeved women&#039;s t-shirt - Semmelweis Shop\" \/>\n<meta property=\"og:description\" content=\"Slim fit, short sleeved women&#8217;s t-shirt with ribbed, reinforced neckline and Hungarian print. 100% cotton\" \/>\n<meta property=\"og:url\" content=\"https:\/\/www.semmelweisshop.hu\/en\/product\/short-sleeved-womens-t-shirt-with-hungarian-print\/\" \/>\n<meta property=\"og:site_name\" content=\"Semmelweis Shop\" \/>\n<meta property=\"article:publisher\" content=\"https:\/\/www.facebook.com\/semmelweisegyetem\" \/>\n<meta property=\"article:modified_time\" content=\"2026-04-16T14:32:08+00:00\" \/>\n<meta property=\"og:image\" content=\"https:\/\/www.semmelweisshop.hu\/wp-content\/uploads\/2020\/08\/sportos_polo_navy_hun_elol.jpg\" \/>\n\t<meta property=\"og:image:width\" content=\"2000\" \/>\n\t<meta property=\"og:image:height\" content=\"2000\" \/>\n\t<meta property=\"og:image:type\" content=\"image\/jpeg\" \/>\n<meta name=\"twitter:card\" content=\"summary_large_image\" \/>\n<script type=\"application\/ld+json\" class=\"yoast-schema-graph\">{\"@context\":\"https:\\\/\\\/schema.org\",\"@graph\":[{\"@type\":\"WebPage\",\"@id\":\"https:\\\/\\\/www.semmelweisshop.hu\\\/en\\\/product\\\/short-sleeved-womens-t-shirt-with-hungarian-print\\\/\",\"url\":\"https:\\\/\\\/www.semmelweisshop.hu\\\/en\\\/product\\\/short-sleeved-womens-t-shirt-with-hungarian-print\\\/\",\"name\":\"Short-sleeved women's t-shirt - Semmelweis Shop\",\"isPartOf\":{\"@id\":\"http:\\\/\\\/shopwebserver.polandcentral.cloudapp.azure.com\\\/#website\"},\"primaryImageOfPage\":{\"@id\":\"https:\\\/\\\/www.semmelweisshop.hu\\\/en\\\/product\\\/short-sleeved-womens-t-shirt-with-hungarian-print\\\/#primaryimage\"},\"image\":{\"@id\":\"https:\\\/\\\/www.semmelweisshop.hu\\\/en\\\/product\\\/short-sleeved-womens-t-shirt-with-hungarian-print\\\/#primaryimage\"},\"thumbnailUrl\":\"https:\\\/\\\/www.semmelweisshop.hu\\\/wp-content\\\/uploads\\\/2020\\\/08\\\/sportos_polo_navy_hun_elol.jpg\",\"datePublished\":\"2020-08-18T23:11:41+00:00\",\"dateModified\":\"2026-04-16T14:32:08+00:00\",\"breadcrumb\":{\"@id\":\"https:\\\/\\\/www.semmelweisshop.hu\\\/en\\\/product\\\/short-sleeved-womens-t-shirt-with-hungarian-print\\\/#breadcrumb\"},\"inLanguage\":\"en-US\",\"potentialAction\":[{\"@type\":\"ReadAction\",\"target\":[\"https:\\\/\\\/www.semmelweisshop.hu\\\/en\\\/product\\\/short-sleeved-womens-t-shirt-with-hungarian-print\\\/\"]}]},{\"@type\":\"ImageObject\",\"inLanguage\":\"en-US\",\"@id\":\"https:\\\/\\\/www.semmelweisshop.hu\\\/en\\\/product\\\/short-sleeved-womens-t-shirt-with-hungarian-print\\\/#primaryimage\",\"url\":\"https:\\\/\\\/www.semmelweisshop.hu\\\/wp-content\\\/uploads\\\/2020\\\/08\\\/sportos_polo_navy_hun_elol.jpg\",\"contentUrl\":\"https:\\\/\\\/www.semmelweisshop.hu\\\/wp-content\\\/uploads\\\/2020\\\/08\\\/sportos_polo_navy_hun_elol.jpg\",\"width\":2000,\"height\":2000},{\"@type\":\"BreadcrumbList\",\"@id\":\"https:\\\/\\\/www.semmelweisshop.hu\\\/en\\\/product\\\/short-sleeved-womens-t-shirt-with-hungarian-print\\\/#breadcrumb\",\"itemListElement\":[{\"@type\":\"ListItem\",\"position\":1,\"name\":\"Kezd\u0151lap\",\"item\":\"https:\\\/\\\/www.semmelweisshop.hu\\\/\"},{\"@type\":\"ListItem\",\"position\":2,\"name\":\"Shop\",\"item\":\"https:\\\/\\\/www.semmelweisshop.hu\\\/en\\\/shop-2\\\/\"},{\"@type\":\"ListItem\",\"position\":3,\"name\":\"Short-sleeved women&#8217;s t-shirt\"}]},{\"@type\":\"WebSite\",\"@id\":\"http:\\\/\\\/shopwebserver.polandcentral.cloudapp.azure.com\\\/#website\",\"url\":\"http:\\\/\\\/shopwebserver.polandcentral.cloudapp.azure.com\\\/\",\"name\":\"Semmelweis Shop\",\"description\":\"\u00dcdv\u00f6zl\u00fcnk a Semmelweis Shop oldal\u00e1n! Tal\u00e1ld meg a hozz\u00e1d ill\u0151 darabokat \u00e9s mutasd meg hova tartozol!\",\"publisher\":{\"@id\":\"http:\\\/\\\/shopwebserver.polandcentral.cloudapp.azure.com\\\/#organization\"},\"potentialAction\":[{\"@type\":\"SearchAction\",\"target\":{\"@type\":\"EntryPoint\",\"urlTemplate\":\"http:\\\/\\\/shopwebserver.polandcentral.cloudapp.azure.com\\\/?s={search_term_string}\"},\"query-input\":{\"@type\":\"PropertyValueSpecification\",\"valueRequired\":true,\"valueName\":\"search_term_string\"}}],\"inLanguage\":\"en-US\"},{\"@type\":\"Organization\",\"@id\":\"http:\\\/\\\/shopwebserver.polandcentral.cloudapp.azure.com\\\/#organization\",\"name\":\"Semmelweis Egyetem\",\"url\":\"http:\\\/\\\/shopwebserver.polandcentral.cloudapp.azure.com\\\/\",\"logo\":{\"@type\":\"ImageObject\",\"inLanguage\":\"en-US\",\"@id\":\"http:\\\/\\\/shopwebserver.polandcentral.cloudapp.azure.com\\\/#\\\/schema\\\/logo\\\/image\\\/\",\"url\":\"http:\\\/\\\/shopwebserver.polandcentral.cloudapp.azure.com\\\/wp-content\\\/uploads\\\/2020\\\/11\\\/se_logo.png\",\"contentUrl\":\"http:\\\/\\\/shopwebserver.polandcentral.cloudapp.azure.com\\\/wp-content\\\/uploads\\\/2020\\\/11\\\/se_logo.png\",\"width\":1000,\"height\":1000,\"caption\":\"Semmelweis Egyetem\"},\"image\":{\"@id\":\"http:\\\/\\\/shopwebserver.polandcentral.cloudapp.azure.com\\\/#\\\/schema\\\/logo\\\/image\\\/\"},\"sameAs\":[\"https:\\\/\\\/www.facebook.com\\\/semmelweisegyetem\"]}]}<\/script>\n<!-- \/ Yoast SEO plugin. -->","yoast_head_json":{"title":"Short-sleeved women's t-shirt - Semmelweis Shop","robots":{"index":"index","follow":"follow","max-snippet":"max-snippet:-1","max-image-preview":"max-image-preview:large","max-video-preview":"max-video-preview:-1"},"canonical":"https:\/\/www.semmelweisshop.hu\/en\/product\/short-sleeved-womens-t-shirt-with-hungarian-print\/","og_locale":"en_US","og_type":"article","og_title":"Short-sleeved women's t-shirt - Semmelweis Shop","og_description":"Slim fit, short sleeved women&#8217;s t-shirt with ribbed, reinforced neckline and Hungarian print. 100% cotton","og_url":"https:\/\/www.semmelweisshop.hu\/en\/product\/short-sleeved-womens-t-shirt-with-hungarian-print\/","og_site_name":"Semmelweis Shop","article_publisher":"https:\/\/www.facebook.com\/semmelweisegyetem","article_modified_time":"2026-04-16T14:32:08+00:00","og_image":[{"width":2000,"height":2000,"url":"https:\/\/www.semmelweisshop.hu\/wp-content\/uploads\/2020\/08\/sportos_polo_navy_hun_elol.jpg","type":"image\/jpeg"}],"twitter_card":"summary_large_image","schema":{"@context":"https:\/\/schema.org","@graph":[{"@type":"WebPage","@id":"https:\/\/www.semmelweisshop.hu\/en\/product\/short-sleeved-womens-t-shirt-with-hungarian-print\/","url":"https:\/\/www.semmelweisshop.hu\/en\/product\/short-sleeved-womens-t-shirt-with-hungarian-print\/","name":"Short-sleeved women's t-shirt - Semmelweis Shop","isPartOf":{"@id":"http:\/\/shopwebserver.polandcentral.cloudapp.azure.com\/#website"},"primaryImageOfPage":{"@id":"https:\/\/www.semmelweisshop.hu\/en\/product\/short-sleeved-womens-t-shirt-with-hungarian-print\/#primaryimage"},"image":{"@id":"https:\/\/www.semmelweisshop.hu\/en\/product\/short-sleeved-womens-t-shirt-with-hungarian-print\/#primaryimage"},"thumbnailUrl":"https:\/\/www.semmelweisshop.hu\/wp-content\/uploads\/2020\/08\/sportos_polo_navy_hun_elol.jpg","datePublished":"2020-08-18T23:11:41+00:00","dateModified":"2026-04-16T14:32:08+00:00","breadcrumb":{"@id":"https:\/\/www.semmelweisshop.hu\/en\/product\/short-sleeved-womens-t-shirt-with-hungarian-print\/#breadcrumb"},"inLanguage":"en-US","potentialAction":[{"@type":"ReadAction","target":["https:\/\/www.semmelweisshop.hu\/en\/product\/short-sleeved-womens-t-shirt-with-hungarian-print\/"]}]},{"@type":"ImageObject","inLanguage":"en-US","@id":"https:\/\/www.semmelweisshop.hu\/en\/product\/short-sleeved-womens-t-shirt-with-hungarian-print\/#primaryimage","url":"https:\/\/www.semmelweisshop.hu\/wp-content\/uploads\/2020\/08\/sportos_polo_navy_hun_elol.jpg","contentUrl":"https:\/\/www.semmelweisshop.hu\/wp-content\/uploads\/2020\/08\/sportos_polo_navy_hun_elol.jpg","width":2000,"height":2000},{"@type":"BreadcrumbList","@id":"https:\/\/www.semmelweisshop.hu\/en\/product\/short-sleeved-womens-t-shirt-with-hungarian-print\/#breadcrumb","itemListElement":[{"@type":"ListItem","position":1,"name":"Kezd\u0151lap","item":"https:\/\/www.semmelweisshop.hu\/"},{"@type":"ListItem","position":2,"name":"Shop","item":"https:\/\/www.semmelweisshop.hu\/en\/shop-2\/"},{"@type":"ListItem","position":3,"name":"Short-sleeved women&#8217;s t-shirt"}]},{"@type":"WebSite","@id":"http:\/\/shopwebserver.polandcentral.cloudapp.azure.com\/#website","url":"http:\/\/shopwebserver.polandcentral.cloudapp.azure.com\/","name":"Semmelweis Shop","description":"\u00dcdv\u00f6zl\u00fcnk a Semmelweis Shop oldal\u00e1n! Tal\u00e1ld meg a hozz\u00e1d ill\u0151 darabokat \u00e9s mutasd meg hova tartozol!","publisher":{"@id":"http:\/\/shopwebserver.polandcentral.cloudapp.azure.com\/#organization"},"potentialAction":[{"@type":"SearchAction","target":{"@type":"EntryPoint","urlTemplate":"http:\/\/shopwebserver.polandcentral.cloudapp.azure.com\/?s={search_term_string}"},"query-input":{"@type":"PropertyValueSpecification","valueRequired":true,"valueName":"search_term_string"}}],"inLanguage":"en-US"},{"@type":"Organization","@id":"http:\/\/shopwebserver.polandcentral.cloudapp.azure.com\/#organization","name":"Semmelweis Egyetem","url":"http:\/\/shopwebserver.polandcentral.cloudapp.azure.com\/","logo":{"@type":"ImageObject","inLanguage":"en-US","@id":"http:\/\/shopwebserver.polandcentral.cloudapp.azure.com\/#\/schema\/logo\/image\/","url":"http:\/\/shopwebserver.polandcentral.cloudapp.azure.com\/wp-content\/uploads\/2020\/11\/se_logo.png","contentUrl":"http:\/\/shopwebserver.polandcentral.cloudapp.azure.com\/wp-content\/uploads\/2020\/11\/se_logo.png","width":1000,"height":1000,"caption":"Semmelweis Egyetem"},"image":{"@id":"http:\/\/shopwebserver.polandcentral.cloudapp.azure.com\/#\/schema\/logo\/image\/"},"sameAs":["https:\/\/www.facebook.com\/semmelweisegyetem"]}]}},"wcpa_form_fields":null,"_links":{"self":[{"href":"https:\/\/www.semmelweisshop.hu\/en\/wp-json\/wp\/v2\/product\/8765","targetHints":{"allow":["GET"]}}],"collection":[{"href":"https:\/\/www.semmelweisshop.hu\/en\/wp-json\/wp\/v2\/product"}],"about":[{"href":"https:\/\/www.semmelweisshop.hu\/en\/wp-json\/wp\/v2\/types\/product"}],"replies":[{"embeddable":true,"href":"https:\/\/www.semmelweisshop.hu\/en\/wp-json\/wp\/v2\/comments?post=8765"}],"version-history":[{"count":1,"href":"https:\/\/www.semmelweisshop.hu\/en\/wp-json\/wp\/v2\/product\/8765\/revisions"}],"predecessor-version":[{"id":9910,"href":"https:\/\/www.semmelweisshop.hu\/en\/wp-json\/wp\/v2\/product\/8765\/revisions\/9910"}],"wp:featuredmedia":[{"embeddable":true,"href":"https:\/\/www.semmelweisshop.hu\/en\/wp-json\/wp\/v2\/media\/9856"}],"wp:attachment":[{"href":"https:\/\/www.semmelweisshop.hu\/en\/wp-json\/wp\/v2\/media?parent=8765"}],"wp:term":[{"taxonomy":"product_brand","embeddable":true,"href":"https:\/\/www.semmelweisshop.hu\/en\/wp-json\/wp\/v2\/product_brand?post=8765"},{"taxonomy":"product_cat","embeddable":true,"href":"https:\/\/www.semmelweisshop.hu\/en\/wp-json\/wp\/v2\/product_cat?post=8765"},{"taxonomy":"product_tag","embeddable":true,"href":"https:\/\/www.semmelweisshop.hu\/en\/wp-json\/wp\/v2\/product_tag?post=8765"}],"curies":[{"name":"wp","href":"https:\/\/api.w.org\/{rel}","templated":true}]}}